{"id":9452,"date":"2021-01-29T10:29:10","date_gmt":"2021-01-29T09:29:10","guid":{"rendered":"https:\/\/credxperts.ch\/dev\/dev\/dev\/?page_id=9452"},"modified":"2023-07-31T18:06:12","modified_gmt":"2023-07-31T16:06:12","slug":"good-finance-ag","status":"publish","type":"page","link":"https:\/\/credxperts.angularity.de\/pt\/good-finance-ag\/","title":{"rendered":"good finance AG: Experi\u00eancias com os empr\u00e9stimos"},"content":{"rendered":"<div class=\"wpb-content-wrapper\">\n<figure class=\"wp-block-image size-large is-resized\"><img decoding=\"async\" src=\"https:\/\/credxperts.angularity.de\/wp-content\/uploads\/2021\/01\/Logo-Good-Finance.png\" alt=\"Log\u00f3tipo da Good Finance AG \" class=\"wp-image-9453\" width=\"186\" height=\"27\" srcset=\"https:\/\/credxperts.angularity.de\/wp-content\/uploads\/2021\/01\/Logo-Good-Finance.png 585w, https:\/\/credxperts.angularity.de\/wp-content\/uploads\/2021\/01\/Logo-Good-Finance-300x44.png 300w\" sizes=\"(max-width: 186px) 100vw, 186px\" \/><\/figure>\n\n\n\n<p>A good finance AG \u00e9 o representante de cr\u00e9dito do banco alem\u00e3o SWK na Su\u00ed\u00e7a (S\u00fcd-West-Kreditbank Finanzierung GmbH).<\/p>\n\n\n\n<p class=\"translation-block\">Apenas recentemente no mercado su\u00ed\u00e7o, revitalizou o mercado com a sua pol\u00edtica de taxas de juro clara e concisa: desde o seu lan\u00e7amento no mercado em 2018, muitos clientes j\u00e1 beneficiaram das condi\u00e7\u00f5es atractivas das taxas de juro deste banco, at\u00e9 porque um bom financiamento n\u00e3o \u00e9 raramente convincente na nossa <a href=\"https:\/\/credxperts.angularity.de\/pt\/comparacao-de-credito\/\" target=\"_blank\" rel=\"noreferrer noopener\">compara\u00e7\u00e3o de empr\u00e9stimos<\/a>. Apesar do ceticismo inicial, a experiente SWK provou o seu valor no mercado gra\u00e7as ao r\u00e1pido processamento de pedidos, \u00e0 elevada satisfa\u00e7\u00e3o do cliente e \u00e0 transpar\u00eancia. As <a href=\"https:\/\/credxperts.angularity.de\/pt\/comparacao-de-taxas-de-juro\/\" target=\"_self\">taxas de juro de empr\u00e9stimos<\/a> da Good Finance AG variam entre 4,4 % e 7,4 %. A defini\u00e7\u00e3o da taxa de juro baseia-se no montante do empr\u00e9stimo: quanto maior for o montante, menor ser\u00e1 a taxa de juro.<\/p>\n\n\n<div class=\"vc_row wpb_row vc_row-fluid\"><div class=\"wpb_column vc_column_container vc_col-sm-12\"><div class=\"vc_column-inner\"><div class=\"wpb_wrapper\">\n\t<div class=\"wpb_text_column wpb_content_element\" >\n\t\t<div class=\"wpb_wrapper\">\n\t\t\t<p style=\"text-align: center;\"><a class=\"cta\" href=\"https:\/\/credxperts.angularity.de\/pt\/pedido-de-credito\/\">Candidatar-se diretamente agora<\/a><\/p>\n\n\t\t<\/div>\n\t<\/div>\n<\/div><\/div><\/div><\/div>\n\n\n<h2 class=\"wp-block-heading\">Os requisitos para a concess\u00e3o do cr\u00e9dito s\u00e3o os seguintes:<\/h2>\n\n\n\n<ul class=\"wp-block-list\">\n<li>Idade m\u00ednima 18 anos<\/li>\n\n\n\n<li>Resid\u00eancia permanente na Su\u00ed\u00e7a<\/li>\n\n\n\n<li>Conta banc\u00e1ria na Su\u00ed\u00e7a<\/li>\n\n\n\n<li>Cidadania su\u00ed\u00e7a, autoriza\u00e7\u00e3o de estabelecimento C ou autoriza\u00e7\u00e3o de resid\u00eancia B (durante pelo menos 2 anos)<\/li>\n\n\n\n<li>Trabalho regular numa posi\u00e7\u00e3o permanente ou tempor\u00e1ria (apresentar prova de sal\u00e1rio)<\/li>\n\n\n\n<li>Rendimento m\u00ednimo de 5000 CHF por m\u00eas<\/li>\n\n\n\n<li>Prazo de levantamento de 14 dias para um montante de cr\u00e9dito at\u00e9 80 000 CHF<\/li>\n\n\n\n<li>Montante m\u00e1ximo do empr\u00e9stimo: 80 000 CHF<\/li>\n\n\n\n<li>Valor m\u00ednimo na base de dados de fiabilidade credit\u00edcia Deltavista<\/li>\n<\/ul>\n\n\n\n<h2 class=\"wp-block-heading\">Documentos obrigat\u00f3rios para o controlo de cr\u00e9dito:<\/h2>\n\n\n\n<ul class=\"wp-block-list\">\n<li>C\u00f3pia do bilhete de identidade, passaporte ou carta de condu\u00e7\u00e3o (para cidad\u00e3os su\u00ed\u00e7os)<\/li>\n\n\n\n<li>C\u00f3pia do t\u00edtulo de resid\u00eancia C, B, G ou L para cidad\u00e3os estrangeiros<\/li>\n\n\n\n<li>C\u00f3pia dos 3 \u00faltimos recibos de vencimento (para os trabalhadores permanentes) ou dos 6 \u00faltimos para os trabalhadores horistas<\/li>\n<\/ul>\n\n\n\n<h2 class=\"wp-block-heading\">Documentos \u00fateis para a verifica\u00e7\u00e3o de cr\u00e9dito, mas n\u00e3o obrigat\u00f3rios:<\/h2>\n\n\n\n<ul class=\"wp-block-list\">\n<li>C\u00f3pia do contrato de arrendamento se partilhar a renda com outra pessoa<\/li>\n\n\n\n<li>C\u00f3pia da ap\u00f3lice de seguro de doen\u00e7a para melhorar o or\u00e7amento, se necess\u00e1rio<\/li>\n<\/ul>\n\n\n\n<h2 class=\"wp-block-heading\">Vantagens de um bom AG financeiro<\/h2>\n\n\n\n<ul class=\"wp-block-list\">\n<li>A good finance AG oferece a taxa de juro mais baixa da Su\u00ed\u00e7a para um banco de cr\u00e9dito cl\u00e1ssico e n\u00e3o cobra quaisquer comiss\u00f5es de servi\u00e7o.<\/li>\n\n\n\n<li>Um prazo que pode ir at\u00e9 84 meses oferece-lhe tamb\u00e9m um elevado grau de flexibilidade.<\/li>\n\n\n\n<li>O processo de candidatura ao seu empr\u00e9stimo \u00e9 r\u00e1pido e eficaz.<\/li>\n\n\n\n<li class=\"translation-block\">Um <a href=\"https:\/\/credxperts.angularity.de\/pt\/aumentar-o-credito-de-forma-facil\/\" target=\"_self\">carregamento de empr\u00e9stimo<\/a> \u00e9 simples e direto.<\/li>\n\n\n\n<li>A identifica\u00e7\u00e3o \u00e9 feita em linha atrav\u00e9s de uma aplica\u00e7\u00e3o ou do navegador Web e \u00e9 efectuada de forma f\u00e1cil e r\u00e1pida a partir de casa.<\/li>\n<\/ul>\n\n\n\n<p class=\"translation-block\">Gostaria de obter mais informa\u00e7\u00f5es sobre boas finan\u00e7as AG? Ent\u00e3o, os consultores de cr\u00e9dito da <a href=\"https:\/\/credxperts.angularity.de\/pt\/\" target=\"_self\">credXperts AG<\/a> ter\u00e3o todo o prazer em ajud\u00e1-lo: info@credxperts.ch, +41 44 244 34 00. Ou gostaria de apresentar um <a href=\"https:\/\/credxperts.angularity.de\/pt\/pedido-de-credito\/\" target=\"_blank\" rel=\"noreferrer noopener\">pedido de cr\u00e9dito \u00e0 good finance AG imediatamente? Ent\u00e3o siga esta hiperliga\u00e7\u00e3o<\/a>.<\/p>\n<\/div>","protected":false},"excerpt":{"rendered":"<p>good finance AG \u00e9 o representante de cr\u00e9dito do banco alem\u00e3o SWK na Su\u00ed\u00e7a (S\u00fcd-West-Kreditbank Finanzierung GmbH). S\u00f3 recentemente entrou no mercado su\u00ed\u00e7o e revitalizou o mercado com a sua pol\u00edtica de taxas de juro clara e transparente: desde o seu lan\u00e7amento no mercado em 2018, muitos clientes j\u00e1 beneficiaram das condi\u00e7\u00f5es de juro atractivas do banco, nomeadamente <strong><a href=\"https:\/\/credxperts.angularity.de\/pt\/good-finance-ag\/\">mais...<\/a><\/strong><\/p>","protected":false},"author":3,"featured_media":0,"parent":0,"menu_order":0,"comment_status":"closed","ping_status":"closed","template":"","meta":{"_acf_changed":false,"footnotes":""},"class_list":["post-9452","page","type-page","status-publish","hentry"],"acf":[],"yoast_head":"<!-- This site is optimized with the Yoast SEO plugin v27.0 - https:\/\/yoast.com\/product\/yoast-seo-wordpress\/ -->\n<title>good finance AG - Erfahrungen mit unserem starken Partner<\/title>\n<meta name=\"description\" content=\"Die good Finance AG ist eine Partnerbank von credXperts - lassen Sie sich von unseren Kreditexperten umfassend beraten - Sprechen Sie uns an.\" \/>\n<meta name=\"robots\" content=\"noindex, follow, max-snippet:-1, max-image-preview:large, max-video-preview:-1\" \/>\n<meta property=\"og:locale\" content=\"pt_PT\" \/>\n<meta property=\"og:type\" content=\"article\" \/>\n<meta property=\"og:title\" content=\"good finance AG - Erfahrungen mit unserem starken Partner\" \/>\n<meta property=\"og:description\" content=\"Die good Finance AG ist eine Partnerbank von credXperts - lassen Sie sich von unseren Kreditexperten umfassend beraten - Sprechen Sie uns an.\" \/>\n<meta property=\"og:url\" content=\"https:\/\/credxperts.angularity.de\/pt\/good-finance-ag\/\" \/>\n<meta property=\"og:site_name\" content=\"credXperts AG\" \/>\n<meta property=\"article:modified_time\" content=\"2023-07-31T16:06:12+00:00\" \/>\n<meta property=\"og:image\" content=\"https:\/\/credxperts.angularity.de\/wp-content\/uploads\/2021\/01\/Logo-Good-Finance.png\" \/>\n<meta name=\"twitter:card\" content=\"summary_large_image\" \/>\n<meta name=\"twitter:label1\" content=\"Tempo estimado de leitura\" \/>\n\t<meta name=\"twitter:data1\" content=\"3 minutos\" \/>\n<script type=\"application\/ld+json\" class=\"yoast-schema-graph\">{\"@context\":\"https:\/\/schema.org\",\"@graph\":[{\"@type\":\"WebPage\",\"@id\":\"https:\/\/credxperts.angularity.de\/good-finance-ag\/\",\"url\":\"https:\/\/credxperts.angularity.de\/good-finance-ag\/\",\"name\":\"good finance AG - Erfahrungen mit unserem starken Partner\",\"isPartOf\":{\"@id\":\"https:\/\/credxperts.angularity.de\/#website\"},\"primaryImageOfPage\":{\"@id\":\"https:\/\/credxperts.angularity.de\/good-finance-ag\/#primaryimage\"},\"image\":{\"@id\":\"https:\/\/credxperts.angularity.de\/good-finance-ag\/#primaryimage\"},\"thumbnailUrl\":\"https:\/\/credxperts.angularity.de\/wp-content\/uploads\/2021\/01\/Logo-Good-Finance.png\",\"datePublished\":\"2021-01-29T09:29:10+00:00\",\"dateModified\":\"2023-07-31T16:06:12+00:00\",\"description\":\"Die good Finance AG ist eine Partnerbank von credXperts - lassen Sie sich von unseren Kreditexperten umfassend beraten - Sprechen Sie uns an.\",\"breadcrumb\":{\"@id\":\"https:\/\/credxperts.angularity.de\/good-finance-ag\/#breadcrumb\"},\"inLanguage\":\"pt-PT\",\"potentialAction\":[{\"@type\":\"ReadAction\",\"target\":[\"https:\/\/credxperts.angularity.de\/good-finance-ag\/\"]}]},{\"@type\":\"ImageObject\",\"inLanguage\":\"pt-PT\",\"@id\":\"https:\/\/credxperts.angularity.de\/good-finance-ag\/#primaryimage\",\"url\":\"https:\/\/credxperts.angularity.de\/wp-content\/uploads\/2021\/01\/Logo-Good-Finance.png\",\"contentUrl\":\"https:\/\/credxperts.angularity.de\/wp-content\/uploads\/2021\/01\/Logo-Good-Finance.png\"},{\"@type\":\"BreadcrumbList\",\"@id\":\"https:\/\/credxperts.angularity.de\/good-finance-ag\/#breadcrumb\",\"itemListElement\":[{\"@type\":\"ListItem\",\"position\":1,\"name\":\"Home\",\"item\":\"https:\/\/credxperts.angularity.de\/\"},{\"@type\":\"ListItem\",\"position\":2,\"name\":\"good finance AG: Erfahrungen mit den Krediten\"}]},{\"@type\":\"WebSite\",\"@id\":\"https:\/\/credxperts.angularity.de\/#website\",\"url\":\"https:\/\/credxperts.angularity.de\/\",\"name\":\"credXperts AG\",\"description\":\"vergleichen - optimieren - profitieren\",\"potentialAction\":[{\"@type\":\"SearchAction\",\"target\":{\"@type\":\"EntryPoint\",\"urlTemplate\":\"https:\/\/credxperts.angularity.de\/?s={search_term_string}\"},\"query-input\":{\"@type\":\"PropertyValueSpecification\",\"valueRequired\":true,\"valueName\":\"search_term_string\"}}],\"inLanguage\":\"pt-PT\"}]}<\/script>\n<!-- \/ Yoast SEO plugin. -->","yoast_head_json":{"title":"good finance AG - Experi\u00eancias com o nosso parceiro forte","description":"A good Finance AG \u00e9 um banco parceiro da credXperts - obtenha aconselhamento abrangente dos nossos especialistas em cr\u00e9dito - contacte-nos.","robots":{"index":"noindex","follow":"follow","max-snippet":"max-snippet:-1","max-image-preview":"max-image-preview:large","max-video-preview":"max-video-preview:-1"},"og_locale":"pt_PT","og_type":"article","og_title":"good finance AG - Erfahrungen mit unserem starken Partner","og_description":"Die good Finance AG ist eine Partnerbank von credXperts - lassen Sie sich von unseren Kreditexperten umfassend beraten - Sprechen Sie uns an.","og_url":"https:\/\/credxperts.angularity.de\/pt\/good-finance-ag\/","og_site_name":"credXperts AG","article_modified_time":"2023-07-31T16:06:12+00:00","og_image":[{"url":"https:\/\/credxperts.angularity.de\/wp-content\/uploads\/2021\/01\/Logo-Good-Finance.png","type":"","width":"","height":""}],"twitter_card":"summary_large_image","twitter_misc":{"Tempo estimado de leitura":"3 minutos"},"schema":{"@context":"https:\/\/schema.org","@graph":[{"@type":"WebPage","@id":"https:\/\/credxperts.angularity.de\/good-finance-ag\/","url":"https:\/\/credxperts.angularity.de\/good-finance-ag\/","name":"good finance AG - Experi\u00eancias com o nosso parceiro forte","isPartOf":{"@id":"https:\/\/credxperts.angularity.de\/#website"},"primaryImageOfPage":{"@id":"https:\/\/credxperts.angularity.de\/good-finance-ag\/#primaryimage"},"image":{"@id":"https:\/\/credxperts.angularity.de\/good-finance-ag\/#primaryimage"},"thumbnailUrl":"https:\/\/credxperts.angularity.de\/wp-content\/uploads\/2021\/01\/Logo-Good-Finance.png","datePublished":"2021-01-29T09:29:10+00:00","dateModified":"2023-07-31T16:06:12+00:00","description":"A good Finance AG \u00e9 um banco parceiro da credXperts - obtenha aconselhamento abrangente dos nossos especialistas em cr\u00e9dito - contacte-nos.","breadcrumb":{"@id":"https:\/\/credxperts.angularity.de\/good-finance-ag\/#breadcrumb"},"inLanguage":"pt-PT","potentialAction":[{"@type":"ReadAction","target":["https:\/\/credxperts.angularity.de\/good-finance-ag\/"]}]},{"@type":"ImageObject","inLanguage":"pt-PT","@id":"https:\/\/credxperts.angularity.de\/good-finance-ag\/#primaryimage","url":"https:\/\/credxperts.angularity.de\/wp-content\/uploads\/2021\/01\/Logo-Good-Finance.png","contentUrl":"https:\/\/credxperts.angularity.de\/wp-content\/uploads\/2021\/01\/Logo-Good-Finance.png"},{"@type":"BreadcrumbList","@id":"https:\/\/credxperts.angularity.de\/good-finance-ag\/#breadcrumb","itemListElement":[{"@type":"ListItem","position":1,"name":"Home","item":"https:\/\/credxperts.angularity.de\/"},{"@type":"ListItem","position":2,"name":"good finance AG: Erfahrungen mit den Krediten"}]},{"@type":"WebSite","@id":"https:\/\/credxperts.angularity.de\/#website","url":"https:\/\/credxperts.angularity.de\/","name":"credXperts AG","description":"comparar - otimizar - beneficiar","potentialAction":[{"@type":"SearchAction","target":{"@type":"EntryPoint","urlTemplate":"https:\/\/credxperts.angularity.de\/?s={search_term_string}"},"query-input":{"@type":"PropertyValueSpecification","valueRequired":true,"valueName":"search_term_string"}}],"inLanguage":"pt-PT"}]}},"_links":{"self":[{"href":"https:\/\/credxperts.angularity.de\/pt\/wp-json\/wp\/v2\/pages\/9452","targetHints":{"allow":["GET"]}}],"collection":[{"href":"https:\/\/credxperts.angularity.de\/pt\/wp-json\/wp\/v2\/pages"}],"about":[{"href":"https:\/\/credxperts.angularity.de\/pt\/wp-json\/wp\/v2\/types\/page"}],"author":[{"embeddable":true,"href":"https:\/\/credxperts.angularity.de\/pt\/wp-json\/wp\/v2\/users\/3"}],"replies":[{"embeddable":true,"href":"https:\/\/credxperts.angularity.de\/pt\/wp-json\/wp\/v2\/comments?post=9452"}],"version-history":[{"count":7,"href":"https:\/\/credxperts.angularity.de\/pt\/wp-json\/wp\/v2\/pages\/9452\/revisions"}],"predecessor-version":[{"id":28315,"href":"https:\/\/credxperts.angularity.de\/pt\/wp-json\/wp\/v2\/pages\/9452\/revisions\/28315"}],"wp:attachment":[{"href":"https:\/\/credxperts.angularity.de\/pt\/wp-json\/wp\/v2\/media?parent=9452"}],"curies":[{"name":"wp","href":"https:\/\/api.w.org\/{rel}","templated":true}]}}