{"id":8141,"date":"2020-01-21T17:11:03","date_gmt":"2020-01-21T16:11:03","guid":{"rendered":"https:\/\/credxperts.ch\/dev\/dev\/dev\/?page_id=8141"},"modified":"2026-02-20T14:40:02","modified_gmt":"2026-02-20T13:40:02","slug":"credito-para-trabalhadores-independentes","status":"publish","type":"page","link":"https:\/\/credxperts.angularity.de\/pt\/kredit-fuer-selbstaendige\/","title":{"rendered":"Cr\u00e9dito para os trabalhadores independentes"},"content":{"rendered":"<h2 class=\"wp-block-heading\">Empr\u00e9stimos para trabalhadores independentes e empr\u00e9stimos para empresas na Su\u00ed\u00e7a<\/h2>\n\n\n\n<h2 class=\"wp-block-heading\">Introdu\u00e7\u00e3o aos empr\u00e9stimos \u00e0s PME e \u00e0s solu\u00e7\u00f5es de cr\u00e9dito para os trabalhadores independentes<\/h2>\n\n\n\n<p>A Su\u00ed\u00e7a \u00e9 conhecida pelo seu panorama econ\u00f3mico din\u00e2mico, no qual as pequenas e m\u00e9dias empresas (PME) e os trabalhadores independentes desempenham um papel fundamental. Os empr\u00e9stimos \u00e0s PME e as op\u00e7\u00f5es de cr\u00e9dito espec\u00edficas para os trabalhadores independentes oferecem um apoio financeiro flex\u00edvel para satisfazer as diferentes necessidades destes modelos de neg\u00f3cio. O nosso objetivo \u00e9 contribuir para o crescimento e o sucesso da sua empresa atrav\u00e9s de solu\u00e7\u00f5es de cr\u00e9dito personalizadas.<\/p>\n\n\n\n<h2 class=\"wp-block-heading\">Empr\u00e9stimos especializados para empresas: financiamento \u00e0 medida da sua empresa<\/h2>\n\n\n\n<p>Os empr\u00e9stimos \u00e0s empresas s\u00e3o cruciais para satisfazer as necessidades de capital da sua empresa. Quer se trate de financiar novos projectos, colmatar d\u00e9fices de tesouraria ou investir em novas tecnologias, um empr\u00e9stimo personalizado para empresas pode ser a solu\u00e7\u00e3o ideal. Com a nossa calculadora de empr\u00e9stimos a empresas, pode comparar r\u00e1pida e facilmente as melhores op\u00e7\u00f5es de empr\u00e9stimo para a sua empresa.<\/p>\n\n\n\n<hr class=\"wp-block-separator has-alpha-channel-opacity\"\/>\n\n\n\n<h2 class=\"wp-block-heading\">Empr\u00e9stimos para trabalhadores independentes: flexibilidade e liberdade para a sua empresa<\/h2>\n\n\n\n<p>Como trabalhador independente, enfrenta frequentemente desafios financeiros \u00fanicos. Quer se trate de pr\u00e9-financiar encomendas, de cobrir despesas inesperadas ou da necessidade de investir no crescimento da sua atividade, um empr\u00e9stimo para trabalhadores independentes oferece a flexibilidade de que necessita. Compreendemos as necessidades espec\u00edficas dos trabalhadores independentes e, por conseguinte, oferecemos solu\u00e7\u00f5es de cr\u00e9dito adaptadas \u00e0s suas necessidades individuais.<\/p>\n\n\n\n<h2 class=\"wp-block-heading\">Empr\u00e9stimos pessoais e solu\u00e7\u00f5es de tesouraria: Financiamento eficiente para os trabalhadores independentes<\/h2>\n\n\n\n<p>Para al\u00e9m dos empr\u00e9stimos \u00e0s empresas, propomos tamb\u00e9m empr\u00e9stimos pessoais especialmente concebidos para os trabalhadores independentes e os empres\u00e1rios. Estes empr\u00e9stimos podem constituir uma solu\u00e7\u00e3o r\u00e1pida para as necessidades de tesouraria, quer se trate de cobrir despesas pessoais ou de colmatar d\u00e9fices salariais. As nossas solu\u00e7\u00f5es de cr\u00e9dito caracterizam-se por taxas de juro competitivas e sem comiss\u00f5es ocultas.<\/p>\n\n\n\n<h2 class=\"wp-block-heading\">Caracter\u00edsticas e vantagens das nossas solu\u00e7\u00f5es de cr\u00e9dito<\/h2>\n\n\n\n<p>Os nossos produtos de cr\u00e9dito para PME e trabalhadores independentes na Su\u00ed\u00e7a caracterizam-se pelas seguintes caracter\u00edsticas<\/p>\n\n\n\n<ul class=\"wp-block-list\">\n<li>Taxas de juro transparentes e competitivas gra\u00e7as a uma compara\u00e7\u00e3o exaustiva do mercado, sem comiss\u00f5es ocultas<\/li>\n\n\n\n<li>Planos de reembolso flex\u00edveis, adaptados \u00e0 situa\u00e7\u00e3o de tesouraria da sua empresa ou atividade independente<\/li>\n\n\n\n<li>Processo de candidatura simples com decis\u00e3o e pagamento r\u00e1pidos<\/li>\n\n\n\n<li>Aconselhamento e apoio personalizados da nossa equipa experiente<\/li>\n<\/ul>\n\n\n\n<h2 class=\"wp-block-heading\">Exemplo de c\u00e1lculo: Conhe\u00e7a os custos do seu empr\u00e9stimo com a nossa calculadora de empr\u00e9stimos<\/h2>\n\n\n\n<p>Para lhe dar uma ideia clara dos custos potenciais de um empr\u00e9stimo, propomos-lhe exemplos de c\u00e1lculos pormenorizados utilizando a nossa calculadora de empr\u00e9stimos para trabalhadores independentes acima. Isto ajud\u00e1-lo-\u00e1 a compreender exatamente quais ser\u00e3o as presta\u00e7\u00f5es mensais, os juros e o custo total do seu empr\u00e9stimo, para que possa tomar uma decis\u00e3o informada.<\/p>\n\n\n\n<h2 class=\"wp-block-heading\">credXperts: O seu parceiro para solu\u00e7\u00f5es de cr\u00e9dito na Su\u00ed\u00e7a<\/h2>\n\n\n\n<p>Como seu parceiro de confian\u00e7a para empr\u00e9stimos comerciais e empr\u00e9stimos para trabalhadores independentes na Su\u00ed\u00e7a, estamos prontos para lhe fornecer o apoio financeiro de que necessita para fazer da sua empresa um sucesso. Contacte-nos hoje para obter mais informa\u00e7\u00f5es sobre as nossas solu\u00e7\u00f5es de cr\u00e9dito personalizadas e apresentar o seu pedido de empr\u00e9stimo.<\/p>\n\n\n\n<h2 class=\"wp-block-heading\">Quais s\u00e3o as vantagens<br>do nosso aconselhamento de cr\u00e9dito?<\/h2>\n\n\n\n<h2 class=\"wp-block-heading\">Aconselhamento em mat\u00e9ria de cr\u00e9dito<\/h2>\n\n\n\n<p>Se&nbsp;<a href=\"https:\/\/credxperts.angularity.de\/pt\/pedido-de-credito\/\">Pedido de cr\u00e9dito<\/a>, O cr\u00e9dito \u00e9 um cr\u00e9dito de longo prazo, com prazo de reembolso ou de regulariza\u00e7\u00e3o de cr\u00e9dito. Encontraremos o empr\u00e9stimo certo para si, com um prazo adequado e uma presta\u00e7\u00e3o mensal razo\u00e1vel. Os nossos&nbsp;<a href=\"https:\/\/credxperts.angularity.de\/pt\/\">credXperts<\/a>&nbsp;aconselh\u00e1-lo em todas as quest\u00f5es de cr\u00e9dito.<\/p>\n\n\n\n<h2 class=\"wp-block-heading\">Compara\u00e7\u00f5es das diferentes ofertas banc\u00e1rias<\/h2>\n\n\n\n<p>Os nossos especialistas em cr\u00e9dito comparam as taxas de juro de diferentes fornecedores de cr\u00e9dito,<br>para encontrar a melhor oferta para si.<\/p>\n\n\n\n<h2 class=\"wp-block-heading\">Processamento de A a Z<\/h2>\n\n\n\n<p>Depois de solicitar um empr\u00e9stimo connosco, n\u00f3s tratamos de todos os assuntos at\u00e9 receber o seu empr\u00e9stimo. Isto come\u00e7a com o pedido de informa\u00e7\u00e3o ao banco apropriado e termina com o desembolso do montante desejado. Somos tamb\u00e9m o seu primeiro ponto de contacto para quaisquer preocupa\u00e7\u00f5es ap\u00f3s o desembolso do dinheiro.<\/p>\n\n\n\n<h2 class=\"wp-block-heading\">Como \u00e9 que se procede a um pedido de cr\u00e9dito?<\/h2>\n\n\n\n<p>Os consultores de cr\u00e9dito da credXperts come\u00e7am por verificar a sua solvabilidade atrav\u00e9s de uma consulta pessoal de cr\u00e9dito. Com base nisso, determinamos as melhores condi\u00e7\u00f5es para o seu financiamento. Os trabalhadores independentes est\u00e3o sujeitos a requisitos diferentes dos trabalhadores por conta de outrem - tanto para os propriet\u00e1rios de uma AG, GmbH como para os trabalhadores independentes. Teremos todo o gosto em mostrar-lhe estas diferen\u00e7as gratuitamente e sem compromisso numa consulta de cr\u00e9dito pessoal.<\/p>\n\n\n\n<h2 class=\"wp-block-heading\">Quais s\u00e3o os requisitos mais importantes para um empr\u00e9stimo \u00e0s empresas?<\/h2>\n\n\n\n<p>Os obst\u00e1culos que se colocam aos trabalhadores independentes para obterem um&nbsp;<a href=\"https:\/\/credxperts.angularity.de\/pt\/emprestimo-pessoal-na-suica\/\">Empr\u00e9stimo pessoal<\/a>&nbsp;Os crit\u00e9rios de risco dos bancos aumentaram nos \u00faltimos anos. Neste contexto, os trabalhadores independentes tendem a necessitar de apresenta\u00e7\u00f5es mais frequentes, por exemplo, para cobrir um imprevisto&nbsp;<a href=\"https:\/\/credxperts.angularity.de\/pt\/se-o-pagamento-de-impostos-em-atraso-for-demasiado-elevado-financiar-a-divida-fiscal-com-um-emprestimo\/\" target=\"_blank\" rel=\"noreferrer noopener\">Financiamento de impostos atrasados atrav\u00e9s de cr\u00e9dito<\/a>. A verifica\u00e7\u00e3o da capacidade financeira \u00e9 geralmente efectuada com base numa avalia\u00e7\u00e3o fiscal atual (= rendimento tributado em CHF). Esta n\u00e3o deve ter mais de tr\u00eas anos civis.<\/p>\n\n\n\n<p>Numa consulta de cr\u00e9dito pessoal, teremos todo o gosto em mostrar-lhe as condi\u00e7\u00f5es que deve preencher para a concess\u00e3o de um empr\u00e9stimo e aumentar assim as suas hip\u00f3teses de aprova\u00e7\u00e3o.<\/p>\n\n\n\n<p><a href=\"https:\/\/credxperts.angularity.de\/pt\/pedido-de-credito\/\" target=\"_blank\" rel=\"noreferrer noopener\">Iniciar um pedido de or\u00e7amento sem compromisso atrav\u00e9s da calculadora de empr\u00e9stimos.<\/a><\/p>\n\n\n\n<h2 class=\"wp-block-heading\">Empr\u00e9stimos Su\u00ed\u00e7a:<br>Isto pode ser interessante<br>ser para si<\/h2>\n\n\n\n<p>Como corretores de cr\u00e9dito independentes, somos especializados em empr\u00e9stimos a empresas na Su\u00ed\u00e7a. O nosso principal objetivo \u00e9 encontrar um empr\u00e9stimo para empresas que esteja de acordo com o seu or\u00e7amento de cr\u00e9dito e que seja atrativo em termos de taxas de juro.<\/p>\n\n\n\n<p>Para obter o melhor para si, contamos com um aconselhamento de cr\u00e9dito pessoal e abrangente. Paralelamente, comparamos as ofertas de cr\u00e9dito em toda a Su\u00ed\u00e7a e encontramos o banco certo para o seu empr\u00e9stimo a empresas.<\/p>\n\n\n\n<p>Uma vez que o aconselhamento competente em mat\u00e9ria de cr\u00e9dito nos \u00e9 muito caro, compil\u00e1mos abaixo todas as informa\u00e7\u00f5es relevantes sobre o tema dos empr\u00e9stimos.<\/p>\n\n\n\n<h2 class=\"wp-block-heading\">Compara\u00e7\u00e3o de empr\u00e9stimos na Su\u00ed\u00e7a<\/h2>\n\n\n\n<p>Gostaria de pedir um empr\u00e9stimo para empresas na Su\u00ed\u00e7a o mais barato poss\u00edvel? N\u00f3s oferecemos&nbsp;<a href=\"https:\/\/credxperts.angularity.de\/pt\/comparacao-de-credito\/\">Compara\u00e7\u00f5es de empr\u00e9stimos<\/a>&nbsp;com v\u00e1rios bancos su\u00ed\u00e7os. E para empr\u00e9stimos a empresas at\u00e9 250.000 francos su\u00ed\u00e7os, de um&nbsp;<a href=\"https:\/\/credxperts.angularity.de\/pt\/comparacao-de-taxas-de-juro\/\" target=\"_blank\" rel=\"noreferrer noopener\">Taxa de juro do empr\u00e9stimo (comparar aqui)<\/a>&nbsp;de 4,4 % e com um prazo m\u00e1ximo de 120 meses.<\/p>\n\n\n\n<p><a href=\"https:\/\/credxperts.angularity.de\/pt\/pedido-de-credito\/\">Iniciar agora a solicita\u00e7\u00e3o de empr\u00e9stimo<\/a><\/p>\n\n\n\n<h2 class=\"wp-block-heading\">Evitar rejei\u00e7\u00f5es de pedidos de cr\u00e9dito com um ajustamento do cr\u00e9dito<\/h2>\n\n\n\n<p>A partir do momento em que solicita o seu cr\u00e9dito a empresas online, verificamos imediatamente o seu pedido de cr\u00e9dito. Deste modo, ajudamo-lo a otimizar a sua solvabilidade (=&nbsp;<a href=\"https:\/\/credxperts.angularity.de\/pt\/bons-resultados\/\">Limpeza das entradas ZEK<\/a>). Isto aumenta as suas hip\u00f3teses de obter uma aprova\u00e7\u00e3o r\u00e1pida e simples do empr\u00e9stimo.<\/p>\n\n\n\n<h2 class=\"wp-block-heading\">Perguntas e respostas mais frequentes sobre empr\u00e9stimos na Su\u00ed\u00e7a<\/h2>\n\n\n\n<p>Se tiver o seu atual&nbsp;<a href=\"https:\/\/credxperts.angularity.de\/pt\/resgatar-credito\/\" target=\"_blank\" rel=\"noreferrer noopener\">Reembolsar o cr\u00e9dito<\/a>&nbsp;ou tem d\u00favidas sobre os termos \u00abZEK\/CRIF\u00bb, encontrar\u00e1 as perguntas e respostas mais frequentes sobre empr\u00e9stimos na nossa sec\u00e7\u00e3o FAQ.<\/p>\n\n\n\n<p><a href=\"https:\/\/credxperts.angularity.de\/pt\/perguntas-frequentes-respostas\/\">Para as FAQ<\/a><\/p>","protected":false},"excerpt":{"rendered":"<p>Kredite f\u00fcr Selbstst\u00e4ndige und Firmenkredite in der Schweiz Einf\u00fchrung in KMU-Kredite und Kreditl\u00f6sungen f\u00fcr Selbstst\u00e4ndige Die Schweiz ist bekannt f\u00fcr ihre dynamische Wirtschaftslandschaft, in der kleine und mittlere Unternehmen (KMU) sowie Selbstst\u00e4ndige eine wesentliche Rolle spielen. KMU-Kredite und spezifische Kreditoptionen f\u00fcr Selbstst\u00e4ndige bieten flexible finanzielle Unterst\u00fctzung, um den unterschiedlichen Anforderungen dieser Gesch\u00e4ftsmodelle gerecht zu werden. <strong><a href=\"https:\/\/credxperts.angularity.de\/pt\/kredit-fuer-selbstaendige\/\">mais...<\/a><\/strong><\/p>","protected":false},"author":3,"featured_media":0,"parent":0,"menu_order":0,"comment_status":"closed","ping_status":"closed","template":"","meta":{"_acf_changed":false,"footnotes":""},"class_list":["post-8141","page","type-page","status-publish","hentry"],"acf":[],"yoast_head":"<!-- This site is optimized with the Yoast SEO plugin v27.0 - https:\/\/yoast.com\/product\/yoast-seo-wordpress\/ -->\n<title>Kredit f\u00fcr Selbst\u00e4ndige beantragen | Zins ab 4,4 % | credXperts<\/title>\n<meta name=\"description\" content=\"Sie sind selbst\u00e4ndig und ben\u00f6tigen einen Kredit? Berechnen Sie mit unserem Online-Kreditrechner Ihren Kredit.\" \/>\n<meta name=\"robots\" content=\"noindex, follow, max-snippet:-1, max-image-preview:large, max-video-preview:-1\" \/>\n<meta property=\"og:locale\" content=\"pt_PT\" \/>\n<meta property=\"og:type\" content=\"article\" \/>\n<meta property=\"og:title\" content=\"Kredit f\u00fcr Selbst\u00e4ndige beantragen | Zins ab 4,4 % | credXperts\" \/>\n<meta property=\"og:description\" content=\"Sie sind selbst\u00e4ndig und ben\u00f6tigen einen Kredit? Berechnen Sie mit unserem Online-Kreditrechner Ihren Kredit.\" \/>\n<meta property=\"og:url\" content=\"https:\/\/credxperts.angularity.de\/pt\/credito-para-trabalhadores-independentes\/\" \/>\n<meta property=\"og:site_name\" content=\"credXperts AG\" \/>\n<meta property=\"article:modified_time\" content=\"2026-02-20T13:40:02+00:00\" \/>\n<meta name=\"twitter:card\" content=\"summary_large_image\" \/>\n<meta name=\"twitter:label1\" content=\"Tempo estimado de leitura\" \/>\n\t<meta name=\"twitter:data1\" content=\"6 minutos\" \/>\n<script type=\"application\/ld+json\" class=\"yoast-schema-graph\">{\"@context\":\"https:\/\/schema.org\",\"@graph\":[{\"@type\":\"WebPage\",\"@id\":\"https:\/\/credxperts.angularity.de\/kredit-fuer-selbstaendige\/\",\"url\":\"https:\/\/credxperts.angularity.de\/kredit-fuer-selbstaendige\/\",\"name\":\"Kredit f\u00fcr Selbst\u00e4ndige beantragen | Zins ab 4,4 % | credXperts\",\"isPartOf\":{\"@id\":\"https:\/\/credxperts.angularity.de\/#website\"},\"datePublished\":\"2020-01-21T16:11:03+00:00\",\"dateModified\":\"2026-02-20T13:40:02+00:00\",\"description\":\"Sie sind selbst\u00e4ndig und ben\u00f6tigen einen Kredit? Berechnen Sie mit unserem Online-Kreditrechner Ihren Kredit.\",\"breadcrumb\":{\"@id\":\"https:\/\/credxperts.angularity.de\/kredit-fuer-selbstaendige\/#breadcrumb\"},\"inLanguage\":\"pt-PT\",\"potentialAction\":[{\"@type\":\"ReadAction\",\"target\":[\"https:\/\/credxperts.angularity.de\/kredit-fuer-selbstaendige\/\"]}]},{\"@type\":\"BreadcrumbList\",\"@id\":\"https:\/\/credxperts.angularity.de\/kredit-fuer-selbstaendige\/#breadcrumb\",\"itemListElement\":[{\"@type\":\"ListItem\",\"position\":1,\"name\":\"Home\",\"item\":\"https:\/\/credxperts.angularity.de\/\"},{\"@type\":\"ListItem\",\"position\":2,\"name\":\"Kredit f\u00fcr Selbst\u00e4ndige\"}]},{\"@type\":\"WebSite\",\"@id\":\"https:\/\/credxperts.angularity.de\/#website\",\"url\":\"https:\/\/credxperts.angularity.de\/\",\"name\":\"credXperts AG\",\"description\":\"vergleichen - optimieren - profitieren\",\"potentialAction\":[{\"@type\":\"SearchAction\",\"target\":{\"@type\":\"EntryPoint\",\"urlTemplate\":\"https:\/\/credxperts.angularity.de\/?s={search_term_string}\"},\"query-input\":{\"@type\":\"PropertyValueSpecification\",\"valueRequired\":true,\"valueName\":\"search_term_string\"}}],\"inLanguage\":\"pt-PT\"}]}<\/script>\n<!-- \/ Yoast SEO plugin. -->","yoast_head_json":{"title":"Pedir um empr\u00e9stimo para trabalhadores independentes | Juros a partir de 4,4 % | credXperts","description":"\u00c9 trabalhador independente e precisa de um empr\u00e9stimo? Calcule o seu empr\u00e9stimo com a nossa calculadora de empr\u00e9stimos em linha.","robots":{"index":"noindex","follow":"follow","max-snippet":"max-snippet:-1","max-image-preview":"max-image-preview:large","max-video-preview":"max-video-preview:-1"},"og_locale":"pt_PT","og_type":"article","og_title":"Kredit f\u00fcr Selbst\u00e4ndige beantragen | Zins ab 4,4 % | credXperts","og_description":"Sie sind selbst\u00e4ndig und ben\u00f6tigen einen Kredit? Berechnen Sie mit unserem Online-Kreditrechner Ihren Kredit.","og_url":"https:\/\/credxperts.angularity.de\/pt\/credito-para-trabalhadores-independentes\/","og_site_name":"credXperts AG","article_modified_time":"2026-02-20T13:40:02+00:00","twitter_card":"summary_large_image","twitter_misc":{"Tempo estimado de leitura":"6 minutos"},"schema":{"@context":"https:\/\/schema.org","@graph":[{"@type":"WebPage","@id":"https:\/\/credxperts.angularity.de\/kredit-fuer-selbstaendige\/","url":"https:\/\/credxperts.angularity.de\/kredit-fuer-selbstaendige\/","name":"Pedir um empr\u00e9stimo para trabalhadores independentes | Juros a partir de 4,4 % | credXperts","isPartOf":{"@id":"https:\/\/credxperts.angularity.de\/#website"},"datePublished":"2020-01-21T16:11:03+00:00","dateModified":"2026-02-20T13:40:02+00:00","description":"\u00c9 trabalhador independente e precisa de um empr\u00e9stimo? Calcule o seu empr\u00e9stimo com a nossa calculadora de empr\u00e9stimos em linha.","breadcrumb":{"@id":"https:\/\/credxperts.angularity.de\/kredit-fuer-selbstaendige\/#breadcrumb"},"inLanguage":"pt-PT","potentialAction":[{"@type":"ReadAction","target":["https:\/\/credxperts.angularity.de\/kredit-fuer-selbstaendige\/"]}]},{"@type":"BreadcrumbList","@id":"https:\/\/credxperts.angularity.de\/kredit-fuer-selbstaendige\/#breadcrumb","itemListElement":[{"@type":"ListItem","position":1,"name":"Home","item":"https:\/\/credxperts.angularity.de\/"},{"@type":"ListItem","position":2,"name":"Kredit f\u00fcr Selbst\u00e4ndige"}]},{"@type":"WebSite","@id":"https:\/\/credxperts.angularity.de\/#website","url":"https:\/\/credxperts.angularity.de\/","name":"credXperts AG","description":"comparar - otimizar - beneficiar","potentialAction":[{"@type":"SearchAction","target":{"@type":"EntryPoint","urlTemplate":"https:\/\/credxperts.angularity.de\/?s={search_term_string}"},"query-input":{"@type":"PropertyValueSpecification","valueRequired":true,"valueName":"search_term_string"}}],"inLanguage":"pt-PT"}]}},"_links":{"self":[{"href":"https:\/\/credxperts.angularity.de\/pt\/wp-json\/wp\/v2\/pages\/8141","targetHints":{"allow":["GET"]}}],"collection":[{"href":"https:\/\/credxperts.angularity.de\/pt\/wp-json\/wp\/v2\/pages"}],"about":[{"href":"https:\/\/credxperts.angularity.de\/pt\/wp-json\/wp\/v2\/types\/page"}],"author":[{"embeddable":true,"href":"https:\/\/credxperts.angularity.de\/pt\/wp-json\/wp\/v2\/users\/3"}],"replies":[{"embeddable":true,"href":"https:\/\/credxperts.angularity.de\/pt\/wp-json\/wp\/v2\/comments?post=8141"}],"version-history":[{"count":24,"href":"https:\/\/credxperts.angularity.de\/pt\/wp-json\/wp\/v2\/pages\/8141\/revisions"}],"predecessor-version":[{"id":41026,"href":"https:\/\/credxperts.angularity.de\/pt\/wp-json\/wp\/v2\/pages\/8141\/revisions\/41026"}],"wp:attachment":[{"href":"https:\/\/credxperts.angularity.de\/pt\/wp-json\/wp\/v2\/media?parent=8141"}],"curies":[{"name":"wp","href":"https:\/\/api.w.org\/{rel}","templated":true}]}}