{"id":9452,"date":"2021-01-29T10:29:10","date_gmt":"2021-01-29T09:29:10","guid":{"rendered":"https:\/\/credxperts.ch\/dev\/dev\/dev\/?page_id=9452"},"modified":"2023-07-31T18:06:12","modified_gmt":"2023-07-31T16:06:12","slug":"buona-finanza-ag","status":"publish","type":"page","link":"https:\/\/credxperts.angularity.de\/it\/good-finance-ag\/","title":{"rendered":"good finance AG: esperienze con i prestiti"},"content":{"rendered":"<div class=\"wpb-content-wrapper\">\n<figure class=\"wp-block-image size-large is-resized\"><img decoding=\"async\" src=\"https:\/\/credxperts.angularity.de\/wp-content\/uploads\/2021\/01\/Logo-Good-Finance.png\" alt=\"Logo Good Finance AG \" class=\"wp-image-9453\" width=\"186\" height=\"27\" srcset=\"https:\/\/credxperts.angularity.de\/wp-content\/uploads\/2021\/01\/Logo-Good-Finance.png 585w, https:\/\/credxperts.angularity.de\/wp-content\/uploads\/2021\/01\/Logo-Good-Finance-300x44.png 300w\" sizes=\"(max-width: 186px) 100vw, 186px\" \/><\/figure>\n\n\n\n<p>good finance AG \u00e8 il rappresentante di credito della banca tedesca SWK in Svizzera (S\u00fcd-West-Kreditbank Finanzierung GmbH).<\/p>\n\n\n\n<p class=\"translation-block\">Arrivata solo di recente sul mercato svizzero, ha rivitalizzato il mercato con la sua politica dei tassi d'interesse chiara e concisa: dal suo lancio sul mercato nel 2018, molti clienti hanno gi\u00e0 beneficiato delle interessanti condizioni dei tassi d'interesse di questa banca, anche perch\u00e9 la buona finanza non di rado convince nel nostro <a href=\"https:\/\/credxperts.angularity.de\/it\/confronto-del-credito\/\" target=\"_blank\" rel=\"noreferrer noopener\">confronto prestiti<\/a>. Nonostante lo scetticismo iniziale, l'esperta SWK si \u00e8 affermata sul mercato grazie alla rapidit\u00e0 di elaborazione delle domande, all'elevata soddisfazione dei clienti e alla trasparenza. I <a href=\"https:\/\/credxperts.angularity.de\/it\/confronto-dei-tassi-di-interesse\/\" target=\"_self\">tassi di interesse sui prestiti<\/a> di Good Finance AG sono compresi tra 4,4 % e 7,4 %. La definizione del tasso di interesse si basa sull'importo del prestito: maggiore \u00e8 l'importo, minore \u00e8 il tasso di interesse.<\/p>\n\n\n<div class=\"vc_row wpb_row vc_row-fluid\"><div class=\"wpb_column vc_column_container vc_col-sm-12\"><div class=\"vc_column-inner\"><div class=\"wpb_wrapper\">\n\t<div class=\"wpb_text_column wpb_content_element\" >\n\t\t<div class=\"wpb_wrapper\">\n\t\t\t<p style=\"text-align: center;\"><a class=\"cta\" href=\"https:\/\/credxperts.angularity.de\/it\/richiesta-di-credito-2\/\">Candidatevi direttamente ora<\/a><\/p>\n\n\t\t<\/div>\n\t<\/div>\n<\/div><\/div><\/div><\/div>\n\n\n<h2 class=\"wp-block-heading\">I requisiti per la concessione del credito sono i seguenti:<\/h2>\n\n\n\n<ul class=\"wp-block-list\">\n<li>Et\u00e0 minima 18 anni<\/li>\n\n\n\n<li>Residenza permanente in Svizzera<\/li>\n\n\n\n<li>Conto bancario svizzero<\/li>\n\n\n\n<li>Cittadinanza svizzera, permesso di domicilio C o permesso di soggiorno B (per almeno 2 anni)<\/li>\n\n\n\n<li>Lavoro regolare in una posizione permanente o temporanea (fornire la prova dello stipendio)<\/li>\n\n\n\n<li>Reddito minimo di CHF 5000 al mese<\/li>\n\n\n\n<li>Periodo di prelievo di 14 giorni per un importo di prestito fino a CHF 80'000<\/li>\n\n\n\n<li>Importo massimo del prestito a CHF 80.000<\/li>\n\n\n\n<li>Valore minimo nella banca dati di affidabilit\u00e0 creditizia Deltavista<\/li>\n<\/ul>\n\n\n\n<h2 class=\"wp-block-heading\">Documenti richiesti che sono obbligatori per il controllo del credito:<\/h2>\n\n\n\n<ul class=\"wp-block-list\">\n<li>Copia della carta d'identit\u00e0, passaporto o patente di guida (per i cittadini svizzeri)<\/li>\n\n\n\n<li>Copia del permesso di soggiorno C, B, G o L per i cittadini stranieri<\/li>\n\n\n\n<li>Copia delle ultime 3 buste paga (per i dipendenti permanenti) o le ultime 6 per i dipendenti a ore<\/li>\n<\/ul>\n\n\n\n<h2 class=\"wp-block-heading\">Documenti utili per il controllo del credito, ma non obbligatori:<\/h2>\n\n\n\n<ul class=\"wp-block-list\">\n<li>Copia del contratto d'affitto se condivide l'affitto con qualcun altro<\/li>\n\n\n\n<li>Copia della polizza di assicurazione sanitaria per migliorare il bilancio, se necessario<\/li>\n<\/ul>\n\n\n\n<h2 class=\"wp-block-heading\">Vantaggi di una buona finanza AG<\/h2>\n\n\n\n<ul class=\"wp-block-list\">\n<li>good finance AG offre il tasso d'interesse pi\u00f9 basso in Svizzera per una banca di credito classico e non addebita alcuna tassa di servizio.<\/li>\n\n\n\n<li>Una durata fino a 84 mesi vi d\u00e0 anche un alto grado di flessibilit\u00e0.<\/li>\n\n\n\n<li>Il processo di applicazione per il tuo prestito \u00e8 veloce ed efficiente.<\/li>\n\n\n\n<li class=\"translation-block\">Una <a href=\"https:\/\/credxperts.angularity.de\/it\/aumentare-il-credito-in-modo-semplice\/\" target=\"_self\">ricarica del prestito<\/a> \u00e8 semplice e immediata.<\/li>\n\n\n\n<li>L'identificazione avviene online attraverso un'applicazione o un browser web e si fa facilmente e rapidamente da casa.<\/li>\n<\/ul>\n\n\n\n<p class=\"translation-block\">Desiderate maggiori informazioni su una buona finanza AG? Allora i consulenti del credito di <a href=\"https:\/\/credxperts.angularity.de\/it\/\" target=\"_self\">credXperts AG<\/a> saranno lieti di aiutarti: info@credxperts.ch, +41 44 244 34 00. Oppure vuoi presentare subito una <a href=\"https:\/\/credxperts.angularity.de\/it\/richiesta-di-credito-2\/\" target=\"_blank\" rel=\"noreferrer noopener\">domanda di credito a good finance AG? Allora seguite questo link<\/a>.<\/p>\n<\/div>","protected":false},"excerpt":{"rendered":"<p>good finance AG \u00e8 il rappresentante creditizio della banca tedesca SWK in Svizzera (S\u00fcd-West-Kreditbank Finanzierung GmbH). \u00c8 entrata da poco nel mercato svizzero e lo ha rivitalizzato con la sua politica dei tassi d'interesse chiara e trasparente: dal suo lancio sul mercato nel 2018, molti clienti hanno gi\u00e0 beneficiato delle interessanti condizioni d'interesse della banca, non ultimo <strong><a href=\"https:\/\/credxperts.angularity.de\/it\/good-finance-ag\/\">di pi\u00f9...<\/a><\/strong><\/p>","protected":false},"author":3,"featured_media":0,"parent":0,"menu_order":0,"comment_status":"closed","ping_status":"closed","template":"","meta":{"_acf_changed":false,"footnotes":""},"class_list":["post-9452","page","type-page","status-publish","hentry"],"acf":[],"yoast_head":"<!-- This site is optimized with the Yoast SEO plugin v27.0 - https:\/\/yoast.com\/product\/yoast-seo-wordpress\/ -->\n<title>good finance AG - Erfahrungen mit unserem starken Partner<\/title>\n<meta name=\"description\" content=\"Die good Finance AG ist eine Partnerbank von credXperts - lassen Sie sich von unseren Kreditexperten umfassend beraten - Sprechen Sie uns an.\" \/>\n<meta name=\"robots\" content=\"noindex, follow, max-snippet:-1, max-image-preview:large, max-video-preview:-1\" \/>\n<meta property=\"og:locale\" content=\"it_IT\" \/>\n<meta property=\"og:type\" content=\"article\" \/>\n<meta property=\"og:title\" content=\"good finance AG - Erfahrungen mit unserem starken Partner\" \/>\n<meta property=\"og:description\" content=\"Die good Finance AG ist eine Partnerbank von credXperts - lassen Sie sich von unseren Kreditexperten umfassend beraten - Sprechen Sie uns an.\" \/>\n<meta property=\"og:url\" content=\"https:\/\/credxperts.angularity.de\/it\/buona-finanza-ag\/\" \/>\n<meta property=\"og:site_name\" content=\"credXperts AG\" \/>\n<meta property=\"article:modified_time\" content=\"2023-07-31T16:06:12+00:00\" \/>\n<meta property=\"og:image\" content=\"https:\/\/credxperts.angularity.de\/wp-content\/uploads\/2021\/01\/Logo-Good-Finance.png\" \/>\n<meta name=\"twitter:card\" content=\"summary_large_image\" \/>\n<meta name=\"twitter:label1\" content=\"Tempo di lettura stimato\" \/>\n\t<meta name=\"twitter:data1\" content=\"3 minuti\" \/>\n<script type=\"application\/ld+json\" class=\"yoast-schema-graph\">{\"@context\":\"https:\/\/schema.org\",\"@graph\":[{\"@type\":\"WebPage\",\"@id\":\"https:\/\/credxperts.angularity.de\/good-finance-ag\/\",\"url\":\"https:\/\/credxperts.angularity.de\/good-finance-ag\/\",\"name\":\"good finance AG - Erfahrungen mit unserem starken Partner\",\"isPartOf\":{\"@id\":\"https:\/\/credxperts.angularity.de\/#website\"},\"primaryImageOfPage\":{\"@id\":\"https:\/\/credxperts.angularity.de\/good-finance-ag\/#primaryimage\"},\"image\":{\"@id\":\"https:\/\/credxperts.angularity.de\/good-finance-ag\/#primaryimage\"},\"thumbnailUrl\":\"https:\/\/credxperts.angularity.de\/wp-content\/uploads\/2021\/01\/Logo-Good-Finance.png\",\"datePublished\":\"2021-01-29T09:29:10+00:00\",\"dateModified\":\"2023-07-31T16:06:12+00:00\",\"description\":\"Die good Finance AG ist eine Partnerbank von credXperts - lassen Sie sich von unseren Kreditexperten umfassend beraten - Sprechen Sie uns an.\",\"breadcrumb\":{\"@id\":\"https:\/\/credxperts.angularity.de\/good-finance-ag\/#breadcrumb\"},\"inLanguage\":\"it-IT\",\"potentialAction\":[{\"@type\":\"ReadAction\",\"target\":[\"https:\/\/credxperts.angularity.de\/good-finance-ag\/\"]}]},{\"@type\":\"ImageObject\",\"inLanguage\":\"it-IT\",\"@id\":\"https:\/\/credxperts.angularity.de\/good-finance-ag\/#primaryimage\",\"url\":\"https:\/\/credxperts.angularity.de\/wp-content\/uploads\/2021\/01\/Logo-Good-Finance.png\",\"contentUrl\":\"https:\/\/credxperts.angularity.de\/wp-content\/uploads\/2021\/01\/Logo-Good-Finance.png\"},{\"@type\":\"BreadcrumbList\",\"@id\":\"https:\/\/credxperts.angularity.de\/good-finance-ag\/#breadcrumb\",\"itemListElement\":[{\"@type\":\"ListItem\",\"position\":1,\"name\":\"Home\",\"item\":\"https:\/\/credxperts.angularity.de\/\"},{\"@type\":\"ListItem\",\"position\":2,\"name\":\"good finance AG: Erfahrungen mit den Krediten\"}]},{\"@type\":\"WebSite\",\"@id\":\"https:\/\/credxperts.angularity.de\/#website\",\"url\":\"https:\/\/credxperts.angularity.de\/\",\"name\":\"credXperts AG\",\"description\":\"vergleichen - optimieren - profitieren\",\"potentialAction\":[{\"@type\":\"SearchAction\",\"target\":{\"@type\":\"EntryPoint\",\"urlTemplate\":\"https:\/\/credxperts.angularity.de\/?s={search_term_string}\"},\"query-input\":{\"@type\":\"PropertyValueSpecification\",\"valueRequired\":true,\"valueName\":\"search_term_string\"}}],\"inLanguage\":\"it-IT\"}]}<\/script>\n<!-- \/ Yoast SEO plugin. -->","yoast_head_json":{"title":"good finance AG - Esperienze con il nostro partner forte","description":"good Finance AG \u00e8 una banca partner di credXperts - ottieni una consulenza completa dai nostri esperti di credito - contattaci.","robots":{"index":"noindex","follow":"follow","max-snippet":"max-snippet:-1","max-image-preview":"max-image-preview:large","max-video-preview":"max-video-preview:-1"},"og_locale":"it_IT","og_type":"article","og_title":"good finance AG - Erfahrungen mit unserem starken Partner","og_description":"Die good Finance AG ist eine Partnerbank von credXperts - lassen Sie sich von unseren Kreditexperten umfassend beraten - Sprechen Sie uns an.","og_url":"https:\/\/credxperts.angularity.de\/it\/buona-finanza-ag\/","og_site_name":"credXperts AG","article_modified_time":"2023-07-31T16:06:12+00:00","og_image":[{"url":"https:\/\/credxperts.angularity.de\/wp-content\/uploads\/2021\/01\/Logo-Good-Finance.png","type":"","width":"","height":""}],"twitter_card":"summary_large_image","twitter_misc":{"Tempo di lettura stimato":"3 minuti"},"schema":{"@context":"https:\/\/schema.org","@graph":[{"@type":"WebPage","@id":"https:\/\/credxperts.angularity.de\/good-finance-ag\/","url":"https:\/\/credxperts.angularity.de\/good-finance-ag\/","name":"good finance AG - Esperienze con il nostro partner forte","isPartOf":{"@id":"https:\/\/credxperts.angularity.de\/#website"},"primaryImageOfPage":{"@id":"https:\/\/credxperts.angularity.de\/good-finance-ag\/#primaryimage"},"image":{"@id":"https:\/\/credxperts.angularity.de\/good-finance-ag\/#primaryimage"},"thumbnailUrl":"https:\/\/credxperts.angularity.de\/wp-content\/uploads\/2021\/01\/Logo-Good-Finance.png","datePublished":"2021-01-29T09:29:10+00:00","dateModified":"2023-07-31T16:06:12+00:00","description":"good Finance AG \u00e8 una banca partner di credXperts - ottieni una consulenza completa dai nostri esperti di credito - contattaci.","breadcrumb":{"@id":"https:\/\/credxperts.angularity.de\/good-finance-ag\/#breadcrumb"},"inLanguage":"it-IT","potentialAction":[{"@type":"ReadAction","target":["https:\/\/credxperts.angularity.de\/good-finance-ag\/"]}]},{"@type":"ImageObject","inLanguage":"it-IT","@id":"https:\/\/credxperts.angularity.de\/good-finance-ag\/#primaryimage","url":"https:\/\/credxperts.angularity.de\/wp-content\/uploads\/2021\/01\/Logo-Good-Finance.png","contentUrl":"https:\/\/credxperts.angularity.de\/wp-content\/uploads\/2021\/01\/Logo-Good-Finance.png"},{"@type":"BreadcrumbList","@id":"https:\/\/credxperts.angularity.de\/good-finance-ag\/#breadcrumb","itemListElement":[{"@type":"ListItem","position":1,"name":"Home","item":"https:\/\/credxperts.angularity.de\/"},{"@type":"ListItem","position":2,"name":"good finance AG: Erfahrungen mit den Krediten"}]},{"@type":"WebSite","@id":"https:\/\/credxperts.angularity.de\/#website","url":"https:\/\/credxperts.angularity.de\/","name":"credXperts AG","description":"confrontare - ottimizzare - beneficiare","potentialAction":[{"@type":"SearchAction","target":{"@type":"EntryPoint","urlTemplate":"https:\/\/credxperts.angularity.de\/?s={search_term_string}"},"query-input":{"@type":"PropertyValueSpecification","valueRequired":true,"valueName":"search_term_string"}}],"inLanguage":"it-IT"}]}},"_links":{"self":[{"href":"https:\/\/credxperts.angularity.de\/it\/wp-json\/wp\/v2\/pages\/9452","targetHints":{"allow":["GET"]}}],"collection":[{"href":"https:\/\/credxperts.angularity.de\/it\/wp-json\/wp\/v2\/pages"}],"about":[{"href":"https:\/\/credxperts.angularity.de\/it\/wp-json\/wp\/v2\/types\/page"}],"author":[{"embeddable":true,"href":"https:\/\/credxperts.angularity.de\/it\/wp-json\/wp\/v2\/users\/3"}],"replies":[{"embeddable":true,"href":"https:\/\/credxperts.angularity.de\/it\/wp-json\/wp\/v2\/comments?post=9452"}],"version-history":[{"count":7,"href":"https:\/\/credxperts.angularity.de\/it\/wp-json\/wp\/v2\/pages\/9452\/revisions"}],"predecessor-version":[{"id":28315,"href":"https:\/\/credxperts.angularity.de\/it\/wp-json\/wp\/v2\/pages\/9452\/revisions\/28315"}],"wp:attachment":[{"href":"https:\/\/credxperts.angularity.de\/it\/wp-json\/wp\/v2\/media?parent=9452"}],"curies":[{"name":"wp","href":"https:\/\/api.w.org\/{rel}","templated":true}]}}