{"id":7698,"date":"2019-10-22T13:03:43","date_gmt":"2019-10-22T13:03:43","guid":{"rendered":"https:\/\/credxperts.ch\/dev\/dev\/dev\/dev\/?page_id=7698"},"modified":"2022-11-21T15:52:27","modified_gmt":"2022-11-21T14:52:27","slug":"impronta","status":"publish","type":"page","link":"https:\/\/credxperts.angularity.de\/it\/impressum\/","title":{"rendered":"Impronta"},"content":{"rendered":"<div class=\"wpb-content-wrapper\"><div class=\"vc_row wpb_row vc_row-fluid vc_custom_1571758395587 vc_row-has-padding-top vc_row-has-padding-bottom\"><div class=\"wpb_column vc_column_container vc_col-sm-12\"><div class=\"vc_column-inner\"><div class=\"wpb_wrapper\"><header class=\"kd-section-title col-lg-12 text-left\" ><h2 class=\"separator_off\" >Impronta<\/h2><\/header>\n\t<div class=\"wpb_text_column wpb_content_element\" >\n\t\t<div class=\"wpb_wrapper\">\n\t\t\t<p><strong>Indirizzo<br \/>\n<\/strong>credXperts AG<br \/>\nLindenackerstrasse 1a<br \/>\n8360 Eschlikon<\/p>\n<p>info@credxperts.ch<br \/>\nTel: 044 244 34 00<\/p>\n<p>Orari di apertura Lun-Ven 09:00 - 18:00<\/p>\n\n\t\t<\/div>\n\t<\/div>\n<div class=\"vc_empty_space\"   style=\"height: 32px\"><span class=\"vc_empty_space_inner\"><\/span><\/div><header class=\"kd-section-title col-lg-12 text-left\" ><h2 class=\"separator_off\" >Rappresentanti autorizzati<\/h2><\/header>\n\t<div class=\"wpb_text_column wpb_content_element\" >\n\t\t<div class=\"wpb_wrapper\">\n\t\t\t<p>Aniello Nino Fabozzi<\/p>\n\n\t\t<\/div>\n\t<\/div>\n<div class=\"vc_empty_space\"   style=\"height: 32px\"><span class=\"vc_empty_space_inner\"><\/span><\/div><header class=\"kd-section-title col-lg-12 text-left\" ><h2 class=\"separator_off\" >Iscrizione nel registro commerciale<\/h2><\/header>\n\t<div class=\"wpb_text_column wpb_content_element\" >\n\t\t<div class=\"wpb_wrapper\">\n\t\t\t<p>Nome della societ\u00e0 registrata: <a href=\"https:\/\/credxperts.angularity.de\/it\/\">credXperts AG<\/a><br \/>\nNumero: CHE-410.470.148<br \/>\nUfficio del registro commerciale: Zurigo<\/p>\n\n\t\t<\/div>\n\t<\/div>\n<\/div><\/div><\/div><\/div><div class=\"vc_row wpb_row vc_row-fluid vc_custom_1571758432144 vc_row-has-padding-top vc_row-has-padding-bottom\"><div class=\"wpb_column vc_column_container vc_col-sm-12\"><div class=\"vc_column-inner\"><div class=\"wpb_wrapper\"><header class=\"kd-section-title col-lg-12 text-left\" ><h2 class=\"separator_off\" >Disclaimer generale<\/h2><\/header>\n\t<div class=\"wpb_text_column wpb_content_element\" >\n\t\t<div class=\"wpb_wrapper\">\n\t\t\t<p>Tutte le informazioni sul nostro sito web sono state accuratamente controllate. Facciamo ogni sforzo per garantire che le informazioni fornite siano aggiornate, corrette e complete. Tuttavia, non \u00e8 possibile escludere completamente la presenza di errori, il che significa che non possiamo garantire la completezza, la correttezza e l'attualit\u00e0 delle informazioni, comprese quelle giornalistiche ed editoriali. I reclami di responsabilit\u00e0 per danni causati dall'uso di qualsiasi informazione fornita, incluso qualsiasi tipo di informazione incompleta o errata, saranno quindi respinti.<\/p>\n<p>L'editore pu\u00f2 cambiare o cancellare i testi a sua discrezione e senza preavviso e non \u00e8 obbligato ad aggiornare il contenuto di questo sito web. L'uso o l'accesso a questo sito web \u00e8 a rischio e pericolo del visitatore. L'editore, i suoi clienti o partner non sono responsabili per qualsiasi danno, come diretto, indiretto, accidentale, danno da determinare in anticipo o danno consequenziale, che \u00e8 presumibilmente causato dalla visita di questo sito web, e di conseguenza non accettano alcuna responsabilit\u00e0 per questo.<\/p>\n<p>L'editore non si assume inoltre alcuna responsabilit\u00e0 per il contenuto e la disponibilit\u00e0 dei siti web di terzi a cui si pu\u00f2 accedere tramite link esterni su questo sito. Gli operatori delle pagine collegate sono esclusivamente responsabili del loro contenuto. L'editore prende quindi espressamente le distanze da tutti i contenuti di terzi che possono essere rilevanti sotto il diritto penale o di responsabilit\u00e0 o che possono offendere la comune decenza.<\/p>\n\n\t\t<\/div>\n\t<\/div>\n<div class=\"vc_empty_space\"   style=\"height: 32px\"><span class=\"vc_empty_space_inner\"><\/span><\/div><header class=\"kd-section-title col-lg-12 text-left\" ><h2 class=\"separator_off\" >Copyright<\/h2><\/header>\n\t<div class=\"wpb_text_column wpb_content_element\" >\n\t\t<div class=\"wpb_wrapper\">\n\t\t\t<p>Il copyright e tutti gli altri diritti sui contenuti, le immagini, le foto o altri file presenti sul sito web appartengono esclusivamente all'operatore di questo sito web o ai titolari dei diritti specificamente nominati. Il consenso scritto del titolare del copyright deve essere ottenuto in anticipo per la riproduzione di tutti i file.<\/p>\n<p>Chiunque commetta una violazione del copyright senza il consenso del rispettivo detentore dei diritti pu\u00f2 essere perseguito ed eventualmente risarcito.<\/p>\n\n\t\t<\/div>\n\t<\/div>\n<header class=\"kd-section-title col-lg-12 text-left\" ><h2 class=\"separator_off\" >Trasmissione dati<\/h2><\/header>\n\t<div class=\"wpb_text_column wpb_content_element\" >\n\t\t<div class=\"wpb_wrapper\">\n\t\t\t<p dir=\"auto\">Le richieste di informazioni provenienti dalla Germania vengono trasmesse automaticamente a FFG Finanzcheck per dare seguito alla richiesta di credito.<\/p>\n<p dir=\"auto\">FFG Finanzcheck si occupa di tutte le fasi successive e contatta il potenziale cliente.<\/p>\n\n\t\t<\/div>\n\t<\/div>\n<\/div><\/div><\/div><\/div>\n<\/div>","protected":false},"excerpt":{"rendered":"Indirizzo credXperts AG Lindenackerstrasse 1a 8360 Eschlikon info@credxperts.ch Tel: 044 244 34 00 Orari di apertura Lun-Ven dalle 09:00 alle 18:00 Rappresentanti autorizzati Aniello Nino Fabozzi Iscrizione al registro delle imprese Denominazione sociale: credXperts AG Numero: CHE-410.470.148 Ufficio del registro delle imprese: Zurigo Esclusione di responsabilit\u00e0 Tutte le informazioni contenute nel nostro sito web sono state accuratamente controllate. Ci impegniamo a garantire che le informazioni fornite siano aggiornate, precise e complete. <strong><a href=\"https:\/\/credxperts.angularity.de\/it\/impressum\/\">di pi\u00f9...<\/a><\/strong>","protected":false},"author":3,"featured_media":0,"parent":0,"menu_order":0,"comment_status":"closed","ping_status":"closed","template":"","meta":{"_acf_changed":false,"footnotes":""},"class_list":["post-7698","page","type-page","status-publish","hentry"],"acf":[],"yoast_head":"<!-- This site is optimized with the Yoast SEO plugin v27.0 - https:\/\/yoast.com\/product\/yoast-seo-wordpress\/ -->\n<title>Impressum - credXperts AG<\/title>\n<meta name=\"robots\" content=\"noindex, follow, max-snippet:-1, max-image-preview:large, max-video-preview:-1\" \/>\n<meta property=\"og:locale\" content=\"it_IT\" \/>\n<meta property=\"og:type\" content=\"article\" \/>\n<meta property=\"og:title\" content=\"Impressum - credXperts AG\" \/>\n<meta property=\"og:url\" content=\"https:\/\/credxperts.angularity.de\/it\/impronta\/\" \/>\n<meta property=\"og:site_name\" content=\"credXperts AG\" \/>\n<meta property=\"article:modified_time\" content=\"2022-11-21T14:52:27+00:00\" \/>\n<meta name=\"twitter:card\" content=\"summary_large_image\" \/>\n<meta name=\"twitter:label1\" content=\"Tempo di lettura stimato\" \/>\n\t<meta name=\"twitter:data1\" content=\"3 minuti\" \/>\n<script type=\"application\/ld+json\" class=\"yoast-schema-graph\">{\"@context\":\"https:\/\/schema.org\",\"@graph\":[{\"@type\":\"WebPage\",\"@id\":\"https:\/\/credxperts.angularity.de\/impressum\/\",\"url\":\"https:\/\/credxperts.angularity.de\/impressum\/\",\"name\":\"Impressum - credXperts AG\",\"isPartOf\":{\"@id\":\"https:\/\/credxperts.angularity.de\/#website\"},\"datePublished\":\"2019-10-22T13:03:43+00:00\",\"dateModified\":\"2022-11-21T14:52:27+00:00\",\"breadcrumb\":{\"@id\":\"https:\/\/credxperts.angularity.de\/impressum\/#breadcrumb\"},\"inLanguage\":\"it-IT\",\"potentialAction\":[{\"@type\":\"ReadAction\",\"target\":[\"https:\/\/credxperts.angularity.de\/impressum\/\"]}]},{\"@type\":\"BreadcrumbList\",\"@id\":\"https:\/\/credxperts.angularity.de\/impressum\/#breadcrumb\",\"itemListElement\":[{\"@type\":\"ListItem\",\"position\":1,\"name\":\"Home\",\"item\":\"https:\/\/credxperts.angularity.de\/\"},{\"@type\":\"ListItem\",\"position\":2,\"name\":\"Impressum\"}]},{\"@type\":\"WebSite\",\"@id\":\"https:\/\/credxperts.angularity.de\/#website\",\"url\":\"https:\/\/credxperts.angularity.de\/\",\"name\":\"credXperts AG\",\"description\":\"vergleichen - optimieren - profitieren\",\"potentialAction\":[{\"@type\":\"SearchAction\",\"target\":{\"@type\":\"EntryPoint\",\"urlTemplate\":\"https:\/\/credxperts.angularity.de\/?s={search_term_string}\"},\"query-input\":{\"@type\":\"PropertyValueSpecification\",\"valueRequired\":true,\"valueName\":\"search_term_string\"}}],\"inLanguage\":\"it-IT\"}]}<\/script>\n<!-- \/ Yoast SEO plugin. -->","yoast_head_json":{"title":"Impronta - credXperts AG","robots":{"index":"noindex","follow":"follow","max-snippet":"max-snippet:-1","max-image-preview":"max-image-preview:large","max-video-preview":"max-video-preview:-1"},"og_locale":"it_IT","og_type":"article","og_title":"Impressum - credXperts AG","og_url":"https:\/\/credxperts.angularity.de\/it\/impronta\/","og_site_name":"credXperts AG","article_modified_time":"2022-11-21T14:52:27+00:00","twitter_card":"summary_large_image","twitter_misc":{"Tempo di lettura stimato":"3 minuti"},"schema":{"@context":"https:\/\/schema.org","@graph":[{"@type":"WebPage","@id":"https:\/\/credxperts.angularity.de\/impressum\/","url":"https:\/\/credxperts.angularity.de\/impressum\/","name":"Impronta - credXperts AG","isPartOf":{"@id":"https:\/\/credxperts.angularity.de\/#website"},"datePublished":"2019-10-22T13:03:43+00:00","dateModified":"2022-11-21T14:52:27+00:00","breadcrumb":{"@id":"https:\/\/credxperts.angularity.de\/impressum\/#breadcrumb"},"inLanguage":"it-IT","potentialAction":[{"@type":"ReadAction","target":["https:\/\/credxperts.angularity.de\/impressum\/"]}]},{"@type":"BreadcrumbList","@id":"https:\/\/credxperts.angularity.de\/impressum\/#breadcrumb","itemListElement":[{"@type":"ListItem","position":1,"name":"Home","item":"https:\/\/credxperts.angularity.de\/"},{"@type":"ListItem","position":2,"name":"Impressum"}]},{"@type":"WebSite","@id":"https:\/\/credxperts.angularity.de\/#website","url":"https:\/\/credxperts.angularity.de\/","name":"credXperts AG","description":"confrontare - ottimizzare - beneficiare","potentialAction":[{"@type":"SearchAction","target":{"@type":"EntryPoint","urlTemplate":"https:\/\/credxperts.angularity.de\/?s={search_term_string}"},"query-input":{"@type":"PropertyValueSpecification","valueRequired":true,"valueName":"search_term_string"}}],"inLanguage":"it-IT"}]}},"_links":{"self":[{"href":"https:\/\/credxperts.angularity.de\/it\/wp-json\/wp\/v2\/pages\/7698","targetHints":{"allow":["GET"]}}],"collection":[{"href":"https:\/\/credxperts.angularity.de\/it\/wp-json\/wp\/v2\/pages"}],"about":[{"href":"https:\/\/credxperts.angularity.de\/it\/wp-json\/wp\/v2\/types\/page"}],"author":[{"embeddable":true,"href":"https:\/\/credxperts.angularity.de\/it\/wp-json\/wp\/v2\/users\/3"}],"replies":[{"embeddable":true,"href":"https:\/\/credxperts.angularity.de\/it\/wp-json\/wp\/v2\/comments?post=7698"}],"version-history":[{"count":4,"href":"https:\/\/credxperts.angularity.de\/it\/wp-json\/wp\/v2\/pages\/7698\/revisions"}],"predecessor-version":[{"id":22561,"href":"https:\/\/credxperts.angularity.de\/it\/wp-json\/wp\/v2\/pages\/7698\/revisions\/22561"}],"wp:attachment":[{"href":"https:\/\/credxperts.angularity.de\/it\/wp-json\/wp\/v2\/media?parent=7698"}],"curies":[{"name":"wp","href":"https:\/\/api.w.org\/{rel}","templated":true}]}}