{"id":9425,"date":"2021-01-29T09:58:52","date_gmt":"2021-01-29T08:58:52","guid":{"rendered":"https:\/\/credxperts.ch\/dev\/dev\/dev\/?page_id=9425"},"modified":"2023-08-18T16:47:06","modified_gmt":"2023-08-18T14:47:06","slug":"banque-maintenant","status":"publish","type":"page","link":"https:\/\/credxperts.angularity.de\/fr\/bank-now\/","title":{"rendered":"BANK-now (CREDIT-now) - Toutes les informations sur les cr\u00e9dits"},"content":{"rendered":"<div class=\"wpb-content-wrapper\">\r\n<p>&nbsp;<\/p>\r\n\r\n\r\n\r\n<figure class=\"wp-block-image size-large is-resized\"><img decoding=\"async\" class=\"wp-image-9431\" src=\"https:\/\/credxperts.angularity.de\/wp-content\/uploads\/2021\/01\/Bank-now_logo.svg-2.png\" alt=\"\" width=\"99\" height=\"99\" srcset=\"https:\/\/credxperts.angularity.de\/wp-content\/uploads\/2021\/01\/Bank-now_logo.svg-2.png 768w, https:\/\/credxperts.angularity.de\/wp-content\/uploads\/2021\/01\/Bank-now_logo.svg-2-300x300.png 300w, https:\/\/credxperts.angularity.de\/wp-content\/uploads\/2021\/01\/Bank-now_logo.svg-2-150x150.png 150w, https:\/\/credxperts.angularity.de\/wp-content\/uploads\/2021\/01\/Bank-now_logo.svg-2-320x320.png 320w\" sizes=\"(max-width: 99px) 100vw, 99px\" \/><\/figure>\r\n\r\n\r\n\r\n<p class=\"translation-block\">La banque de cr\u00e9dit a son si\u00e8ge \u00e0 Horgen, dans le canton de Zurich. Elle a \u00e9t\u00e9 cr\u00e9\u00e9e en 2006 en tant que filiale du Credit Suisse. Aujourd'hui, elle est l'une des principales banques de cr\u00e9dit et de leasing de Suisse. Avec un peu plus de 300 collaborateurs et un r\u00e9seau actif de succursales, elle offre \u00e0 ses clients un excellent conseil en ligne et hors ligne. La Banque Now s'efforce d'\u00e9tablir des relations \u00e0 long terme avec ses clients et place donc ces derniers au centre de ses pr\u00e9occupations. L'\u00e9cart de taux d'int\u00e9r\u00eat dans le domaine des cr\u00e9dits aux particuliers se situe entre 7,9 % et 9,9 %.<\/p>\r\n\r\n<div class=\"vc_row wpb_row vc_row-fluid\"><div class=\"wpb_column vc_column_container vc_col-sm-12\"><div class=\"vc_column-inner\"><div class=\"wpb_wrapper\">\n\t<div class=\"wpb_text_column wpb_content_element\" >\n\t\t<div class=\"wpb_wrapper\">\n\t\t\t<p style=\"text-align: center;\"><a class=\"cta\" href=\"https:\/\/credxperts.angularity.de\/fr\/demande-de-credit\/\">Lancer la demande de cr\u00e9dit<\/a><\/p>\n\n\t\t<\/div>\n\t<\/div>\n<\/div><\/div><\/div><\/div>\r\n\r\n<h2 class=\"wp-block-heading\"><strong>Les conditions d'octroi de cr\u00e9dit du BANK-now sont les suivantes :<\/strong><\/h2>\r\n\r\n\r\n\r\n<ul class=\"wp-block-list\">\r\n<li>\u00e2ge minimum 20 ans<\/li>\r\n\r\n\r\n\r\n<li>R\u00e9sidence fixe en Suisse<\/li>\r\n\r\n\r\n\r\n<li>Citoyennet\u00e9 suisse, permis d'\u00e9tablissement C, permis de s\u00e9jour B (depuis au moins 2 ans), permis de s\u00e9jour G (depuis au moins 3 ans) ou L<\/li>\r\n\r\n\r\n\r\n<li>Travail r\u00e9gulier dans le cadre d'un emploi fixe ou temporaire (\u00e0 justifier par des justificatifs de salaire)<\/li>\r\n<\/ul>\r\n\r\n\r\n\r\n<h2 class=\"wp-block-heading\"><strong>Documents requis, obligatoires pour l'examen de cr\u00e9dit :<\/strong><\/h2>\r\n\r\n\r\n\r\n<ul class=\"wp-block-list\">\r\n<li>Copie de la carte d'identit\u00e9, du passeport ou du permis de conduire (pour les Suisses)<\/li>\r\n\r\n\r\n\r\n<li>Copie du permis de s\u00e9jour C, B, G ou L pour les ressortissants \u00e9trangers<\/li>\r\n\r\n\r\n\r\n<li>Copie des 3 derniers bulletins de salaire (pour les employ\u00e9s fixes) ou des 6 derniers pour les employ\u00e9s pay\u00e9s \u00e0 l'heure<\/li>\r\n<\/ul>\r\n\r\n\r\n\r\n<h2 class=\"wp-block-heading\"><strong>Documents utiles pour l'examen de cr\u00e9dit, mais non obligatoires :<\/strong><\/h2>\r\n\r\n\r\n\r\n<ul class=\"wp-block-list\">\r\n<li>Copie du contrat de location si vous partagez le loyer avec quelqu'un d'autre<\/li>\r\n\r\n\r\n\r\n<li>Copie de la police d'assurance maladie, pour am\u00e9liorer \u00e9ventuellement le budget<\/li>\r\n<\/ul>\r\n\r\n\r\n\r\n<p>Avantages du BANK-now (CREDIT-now)<\/p>\r\n\r\n\r\n\r\n<ul class=\"wp-block-list\">\r\n<li>Traitement tr\u00e8s efficace et rapide des demandes : une r\u00e9ponse est possible le jour m\u00eame si les documents sont complets.<\/li>\r\n\r\n\r\n\r\n<li>Le BANK-now offre une protection compl\u00e8te du cr\u00e9dit avec une assurance mensualit\u00e9s. Le site <a href=\"https:\/\/credxperts.angularity.de\/fr\/couverture-de-credit-quelles-sont-les-possibilites-et-quand-valent-elles-la-peine\/\" target=\"_blank\" rel=\"noopener\">Couverture de cr\u00e9dit<\/a> en cas de d\u00e9c\u00e8s est d\u00e9j\u00e0 incluse gratuitement dans la mensualit\u00e9 du cr\u00e9dit. Une couverture \u00e9tendue pour la capacit\u00e9 de gain et le ch\u00f4mage peut \u00eatre assur\u00e9e moyennant des frais.<\/li>\r\n\r\n\r\n\r\n<li class=\"translation-block\">Si vous avez demand\u00e9 le <a href=\"https:\/\/credxperts.angularity.de\/fr\/kredit-beantragen\/\" target=\"_self\">cr\u00e9dit<\/a> mais n'en avez plus besoin, vous avez le droit de le r\u00e9voquer dans les 14 jours sans frais ni frais d'int\u00e9r\u00eats.<\/li>\r\n\r\n\r\n\r\n<li>Une dur\u00e9e de cr\u00e9dit maximale de 84 mois est possible.<\/li>\r\n<\/ul>\r\n\r\n\r\n\r\n<p class=\"translation-block\">Si vous souhaitez obtenir plus d'informations sur la BANK-now ou soumettre une demande \u00e0 la BANK-now, les conseillers en cr\u00e9dit de la <a href=\"https:\/\/credxperts.angularity.de\/fr\" target=\"_self\">credXperts AG<\/a> se feront un plaisir de vous aider : info@credxperts.ch, +41 44 244 34 00. &lt;a href=&quot;Pour une demande de cr\u00e9dit en ligne directe, veuillez suivre ce lien.<\/a><\/p>\r\n<\/div>","protected":false},"excerpt":{"rendered":"<p>&nbsp; La banque de cr\u00e9dit a son si\u00e8ge \u00e0 Horgen, dans le canton de Zurich. Elle a \u00e9t\u00e9 cr\u00e9\u00e9e en 2006 en tant que filiale du Credit Suisse. Aujourd'hui, elle est l'une des principales banques de cr\u00e9dit et de leasing en Suisse et fait donc naturellement partie du comparatif de cr\u00e9dit credXperts pour la Suisse. Avec un peu plus de 300 collaborateurs et un r\u00e9seau actif de succursales, elle offre \u00e0 ses clients <strong><a href=\"https:\/\/credxperts.angularity.de\/fr\/bank-now\/\">plus...<\/a><\/strong><\/p>","protected":false},"author":3,"featured_media":0,"parent":0,"menu_order":0,"comment_status":"closed","ping_status":"closed","template":"","meta":{"_acf_changed":false,"footnotes":""},"class_list":["post-9425","page","type-page","status-publish","hentry"],"acf":[],"yoast_head":"<!-- This site is optimized with the Yoast SEO plugin v27.0 - https:\/\/yoast.com\/product\/yoast-seo-wordpress\/ -->\n<title>BANK-now - Alles \u00fcber die Kredite &amp; Erfahrungen mit unserem Partner<\/title>\n<meta name=\"description\" content=\"BANK-now ist einer unserer Partnerbanken, hier erfahren Sie alle wichtigen Inforamtionen - Sie m\u00f6chten mehr erfahren? Rufen Sie uns an.\" \/>\n<meta name=\"robots\" content=\"noindex, follow, max-snippet:-1, max-image-preview:large, max-video-preview:-1\" \/>\n<meta property=\"og:locale\" content=\"fr_FR\" \/>\n<meta property=\"og:type\" content=\"article\" \/>\n<meta property=\"og:title\" content=\"BANK-now - Alles \u00fcber die Kredite &amp; Erfahrungen mit unserem Partner\" \/>\n<meta property=\"og:description\" content=\"BANK-now ist einer unserer Partnerbanken, hier erfahren Sie alle wichtigen Inforamtionen - Sie m\u00f6chten mehr erfahren? Rufen Sie uns an.\" \/>\n<meta property=\"og:url\" content=\"https:\/\/credxperts.angularity.de\/fr\/banque-maintenant\/\" \/>\n<meta property=\"og:site_name\" content=\"credXperts AG\" \/>\n<meta property=\"article:modified_time\" content=\"2023-08-18T14:47:06+00:00\" \/>\n<meta property=\"og:image\" content=\"https:\/\/credxperts.angularity.de\/wp-content\/uploads\/2021\/01\/Bank-now_logo.svg-2.png\" \/>\n<meta name=\"twitter:card\" content=\"summary_large_image\" \/>\n<meta name=\"twitter:label1\" content=\"Dur\u00e9e de lecture estim\u00e9e\" \/>\n\t<meta name=\"twitter:data1\" content=\"3 minutes\" \/>\n<script type=\"application\/ld+json\" class=\"yoast-schema-graph\">{\"@context\":\"https:\/\/schema.org\",\"@graph\":[{\"@type\":[\"WebPage\",\"ProfilePage\"],\"@id\":\"https:\/\/credxperts.angularity.de\/bank-now\/\",\"url\":\"https:\/\/credxperts.angularity.de\/bank-now\/\",\"name\":\"BANK-now - Alles \u00fcber die Kredite & Erfahrungen mit unserem Partner\",\"isPartOf\":{\"@id\":\"https:\/\/credxperts.angularity.de\/#website\"},\"primaryImageOfPage\":{\"@id\":\"https:\/\/credxperts.angularity.de\/bank-now\/#primaryimage\"},\"image\":{\"@id\":\"https:\/\/credxperts.angularity.de\/bank-now\/#primaryimage\"},\"thumbnailUrl\":\"https:\/\/credxperts.angularity.de\/wp-content\/uploads\/2021\/01\/Bank-now_logo.svg-2.png\",\"datePublished\":\"2021-01-29T08:58:52+00:00\",\"dateModified\":\"2023-08-18T14:47:06+00:00\",\"description\":\"BANK-now ist einer unserer Partnerbanken, hier erfahren Sie alle wichtigen Inforamtionen - Sie m\u00f6chten mehr erfahren? Rufen Sie uns an.\",\"breadcrumb\":{\"@id\":\"https:\/\/credxperts.angularity.de\/bank-now\/#breadcrumb\"},\"inLanguage\":\"fr-FR\",\"potentialAction\":[{\"@type\":\"ReadAction\",\"target\":[\"https:\/\/credxperts.angularity.de\/bank-now\/\"]}]},{\"@type\":\"ImageObject\",\"inLanguage\":\"fr-FR\",\"@id\":\"https:\/\/credxperts.angularity.de\/bank-now\/#primaryimage\",\"url\":\"https:\/\/credxperts.angularity.de\/wp-content\/uploads\/2021\/01\/Bank-now_logo.svg-2.png\",\"contentUrl\":\"https:\/\/credxperts.angularity.de\/wp-content\/uploads\/2021\/01\/Bank-now_logo.svg-2.png\"},{\"@type\":\"BreadcrumbList\",\"@id\":\"https:\/\/credxperts.angularity.de\/bank-now\/#breadcrumb\",\"itemListElement\":[{\"@type\":\"ListItem\",\"position\":1,\"name\":\"Home\",\"item\":\"https:\/\/credxperts.angularity.de\/\"},{\"@type\":\"ListItem\",\"position\":2,\"name\":\"BANK-now (CREDIT-now) &#8211; Alle Infos zu den Krediten\"}]},{\"@type\":\"WebSite\",\"@id\":\"https:\/\/credxperts.angularity.de\/#website\",\"url\":\"https:\/\/credxperts.angularity.de\/\",\"name\":\"credXperts AG\",\"description\":\"vergleichen - optimieren - profitieren\",\"potentialAction\":[{\"@type\":\"SearchAction\",\"target\":{\"@type\":\"EntryPoint\",\"urlTemplate\":\"https:\/\/credxperts.angularity.de\/?s={search_term_string}\"},\"query-input\":{\"@type\":\"PropertyValueSpecification\",\"valueRequired\":true,\"valueName\":\"search_term_string\"}}],\"inLanguage\":\"fr-FR\"}]}<\/script>\n<!-- \/ Yoast SEO plugin. -->","yoast_head_json":{"title":"BANK-now - Tout sur les cr\u00e9dits &amp; exp\u00e9riences avec notre partenaire","description":"Le BANK-now est l'une de nos banques partenaires, vous trouverez ici toutes les informations importantes - vous souhaitez en savoir plus ? Appelez-nous.","robots":{"index":"noindex","follow":"follow","max-snippet":"max-snippet:-1","max-image-preview":"max-image-preview:large","max-video-preview":"max-video-preview:-1"},"og_locale":"fr_FR","og_type":"article","og_title":"BANK-now - Alles \u00fcber die Kredite & Erfahrungen mit unserem Partner","og_description":"BANK-now ist einer unserer Partnerbanken, hier erfahren Sie alle wichtigen Inforamtionen - Sie m\u00f6chten mehr erfahren? Rufen Sie uns an.","og_url":"https:\/\/credxperts.angularity.de\/fr\/banque-maintenant\/","og_site_name":"credXperts AG","article_modified_time":"2023-08-18T14:47:06+00:00","og_image":[{"url":"https:\/\/credxperts.angularity.de\/wp-content\/uploads\/2021\/01\/Bank-now_logo.svg-2.png","type":"","width":"","height":""}],"twitter_card":"summary_large_image","twitter_misc":{"Dur\u00e9e de lecture estim\u00e9e":"3 minutes"},"schema":{"@context":"https:\/\/schema.org","@graph":[{"@type":["WebPage","ProfilePage"],"@id":"https:\/\/credxperts.angularity.de\/bank-now\/","url":"https:\/\/credxperts.angularity.de\/bank-now\/","name":"BANK-now - Tout sur les cr\u00e9dits &amp; exp\u00e9riences avec notre partenaire","isPartOf":{"@id":"https:\/\/credxperts.angularity.de\/#website"},"primaryImageOfPage":{"@id":"https:\/\/credxperts.angularity.de\/bank-now\/#primaryimage"},"image":{"@id":"https:\/\/credxperts.angularity.de\/bank-now\/#primaryimage"},"thumbnailUrl":"https:\/\/credxperts.angularity.de\/wp-content\/uploads\/2021\/01\/Bank-now_logo.svg-2.png","datePublished":"2021-01-29T08:58:52+00:00","dateModified":"2023-08-18T14:47:06+00:00","description":"Le BANK-now est l'une de nos banques partenaires, vous trouverez ici toutes les informations importantes - vous souhaitez en savoir plus ? Appelez-nous.","breadcrumb":{"@id":"https:\/\/credxperts.angularity.de\/bank-now\/#breadcrumb"},"inLanguage":"fr-FR","potentialAction":[{"@type":"ReadAction","target":["https:\/\/credxperts.angularity.de\/bank-now\/"]}]},{"@type":"ImageObject","inLanguage":"fr-FR","@id":"https:\/\/credxperts.angularity.de\/bank-now\/#primaryimage","url":"https:\/\/credxperts.angularity.de\/wp-content\/uploads\/2021\/01\/Bank-now_logo.svg-2.png","contentUrl":"https:\/\/credxperts.angularity.de\/wp-content\/uploads\/2021\/01\/Bank-now_logo.svg-2.png"},{"@type":"BreadcrumbList","@id":"https:\/\/credxperts.angularity.de\/bank-now\/#breadcrumb","itemListElement":[{"@type":"ListItem","position":1,"name":"Home","item":"https:\/\/credxperts.angularity.de\/"},{"@type":"ListItem","position":2,"name":"BANK-now (CREDIT-now) &#8211; Alle Infos zu den Krediten"}]},{"@type":"WebSite","@id":"https:\/\/credxperts.angularity.de\/#website","url":"https:\/\/credxperts.angularity.de\/","name":"credXperts AG","description":"comparer - optimiser - profiter","potentialAction":[{"@type":"SearchAction","target":{"@type":"EntryPoint","urlTemplate":"https:\/\/credxperts.angularity.de\/?s={search_term_string}"},"query-input":{"@type":"PropertyValueSpecification","valueRequired":true,"valueName":"search_term_string"}}],"inLanguage":"fr-FR"}]}},"_links":{"self":[{"href":"https:\/\/credxperts.angularity.de\/fr\/wp-json\/wp\/v2\/pages\/9425","targetHints":{"allow":["GET"]}}],"collection":[{"href":"https:\/\/credxperts.angularity.de\/fr\/wp-json\/wp\/v2\/pages"}],"about":[{"href":"https:\/\/credxperts.angularity.de\/fr\/wp-json\/wp\/v2\/types\/page"}],"author":[{"embeddable":true,"href":"https:\/\/credxperts.angularity.de\/fr\/wp-json\/wp\/v2\/users\/3"}],"replies":[{"embeddable":true,"href":"https:\/\/credxperts.angularity.de\/fr\/wp-json\/wp\/v2\/comments?post=9425"}],"version-history":[{"count":10,"href":"https:\/\/credxperts.angularity.de\/fr\/wp-json\/wp\/v2\/pages\/9425\/revisions"}],"predecessor-version":[{"id":28743,"href":"https:\/\/credxperts.angularity.de\/fr\/wp-json\/wp\/v2\/pages\/9425\/revisions\/28743"}],"wp:attachment":[{"href":"https:\/\/credxperts.angularity.de\/fr\/wp-json\/wp\/v2\/media?parent=9425"}],"curies":[{"name":"wp","href":"https:\/\/api.w.org\/{rel}","templated":true}]}}