{"id":8140,"date":"2020-01-21T17:11:02","date_gmt":"2020-01-21T16:11:02","guid":{"rendered":"https:\/\/credxperts.ch\/dev\/dev\/dev\/?page_id=8140"},"modified":"2026-02-20T14:35:58","modified_gmt":"2026-02-20T13:35:58","slug":"credit-auto","status":"publish","type":"page","link":"https:\/\/credxperts.angularity.de\/fr\/autokredit\/","title":{"rendered":"Cr\u00e9dit auto"},"content":{"rendered":"<h2 class=\"wp-block-heading\">Demander un cr\u00e9dit auto et<br>b\u00e9n\u00e9ficier de ces avantages<\/h2>\n\n\n\n<h2 class=\"wp-block-heading\">Conseil personnalis\u00e9 et complet sur le cr\u00e9dit automobile<\/h2>\n\n\n\n<p>Qu'il s'agisse d'un cr\u00e9dit priv\u00e9, d'un leasing ou d'un financement automobile, nos credXperts vous conseillent sur toutes les questions de financement li\u00e9es \u00e0 l'achat de votre voiture.<\/p>\n\n\n\n<p><a href=\"https:\/\/credxperts.angularity.de\/fr\/demande-de-credit\/\">Calculer et demander un cr\u00e9dit auto maintenant<\/a><\/p>\n\n\n\n<h2 class=\"wp-block-heading\">Comparaison des diff\u00e9rentes variantes de financement<\/h2>\n\n\n\n<p>Nos experts en cr\u00e9dit comparent les types de financement de diff\u00e9rents fournisseurs de cr\u00e9dit en Suisse afin de trouver la meilleure offre pour votre cr\u00e9dit automobile.<\/p>\n\n\n\n<p>Que ce soit&nbsp;<a href=\"https:\/\/credxperts.angularity.de\/fr\/credit-auto-ou-leasing-pour-lachat-dune-voiture-en-suisse-quel-financement-vaut-il-la-peine\/\">Cr\u00e9dit automobile ou leasing<\/a>&nbsp;- vous d\u00e9couvrirez ici quelles sont les diff\u00e9rences.<\/p>\n\n\n\n<h2 class=\"wp-block-heading\">\u00c9viter les refus de cr\u00e9dit automobile<\/h2>\n\n\n\n<p>Ihre Online-Anfrage zum Autokredit pr\u00fcfen wir umfassend, um Ihre Bonit\u00e4t zu optimieren. Damit vermeiden Sie Ablehnungen bei der ZEK, sodass Ihre Chancen auf einen&nbsp;<a href=\"https:\/\/credxperts.angularity.de\/fr\/credit-auto-malgre-une-mauvaise-solvabilite\/\" target=\"_blank\" rel=\"noreferrer noopener\">Autokredit trotz schlechter Bonit\u00e4t<\/a>&nbsp;gut stehen. Auch helfen wir Ihnen dabei, Ihre Bonit\u00e4t wiederherzustellen durch Bereinigungen bei den verschiedenen Bonit\u00e4ts-Auskunfteien.<\/p>\n\n\n\n<h2 class=\"wp-block-heading\">Traitement des cr\u00e9dits de A \u00e0 Z<\/h2>\n\n\n\n<p>D\u00e8s que vous calculez et soumettez votre demande de cr\u00e9dit auto chez nous en ligne, nous nous occupons de tout jusqu'\u00e0 ce que votre cr\u00e9dit auto soit approuv\u00e9 - de la recherche d'options de financement avantageuses \u00e0 la demande aupr\u00e8s de la banque appropri\u00e9e, en passant par le d\u00e9blocage du montant de cr\u00e9dit souhait\u00e9. M\u00eame apr\u00e8s le d\u00e9blocage de votre cr\u00e9dit auto, nous restons votre interlocuteur privil\u00e9gi\u00e9 pour toutes vos questions et pr\u00e9occupations.<\/p>\n\n\n\n<p><a href=\"https:\/\/credxperts.angularity.de\/fr\/demande-de-credit\/\">D\u00e9marrer la demande de cr\u00e9dit maintenant<\/a><\/p>\n\n\n\n<h2 class=\"wp-block-heading\">Comment proc\u00e9dons-nous lors d'une demande de cr\u00e9dit<br>pour l'achat de votre voiture ?<\/h2>\n\n\n\n<p>Le site&nbsp;<a href=\"https:\/\/credxperts.angularity.de\/fr\/\">Conseillers en cr\u00e9dit de credXperts<\/a>&nbsp;Nous \u00e9valuons votre solvabilit\u00e9 gr\u00e2ce \u00e0 un conseil en cr\u00e9dit personnalis\u00e9 et vous indiquons les crit\u00e8res pertinents pour l'octroi d'un cr\u00e9dit. Apr\u00e8s une analyse compl\u00e8te de vos besoins, nous recherchons conjointement avec vous le meilleur produit de financement correspondant le mieux \u00e0 vos exigences.<\/p>\n\n\n\n<p>Il n'y a pas que le montant du cr\u00e9dit souhait\u00e9 qui est important - veillez \u00e9galement \u00e0 ce que la mensualit\u00e9 de votre cr\u00e9dit automobile ou de votre leasing soit supportable. Il est important de choisir la bonne dur\u00e9e pour que les mensualit\u00e9s du cr\u00e9dit ou du leasing ne gr\u00e8vent pas le budget de votre m\u00e9nage.<\/p>\n\n\n\n<p>Vous pouvez rembourser un cr\u00e9dit automobile par anticipation \u00e0 tout moment, les frais d'int\u00e9r\u00eats ne concernent que la dur\u00e9e effective. Utilisez \u00e0 cet effet notre&nbsp;<a href=\"https:\/\/credxperts.angularity.de\/fr\/calculateur-dabloes\/\">Calculateur de rachat de cr\u00e9dit<\/a>. La situation est diff\u00e9rente pour le leasing, comme vous le verrez dans la section suivante.<\/p>\n\n\n\n<h2 class=\"wp-block-heading\">Cr\u00e9dit automobile ou leasing : quelles sont les diff\u00e9rences ?<\/h2>\n\n\n\n<p>Un leasing est une op\u00e9ration triangulaire entre le garage automobile, le donneur de leasing (soci\u00e9t\u00e9 de leasing) et le preneur de leasing (propri\u00e9taire du v\u00e9hicule). La soci\u00e9t\u00e9 de leasing ach\u00e8te la voiture au garage. Elle est donc propri\u00e9taire du v\u00e9hicule et impose certaines restrictions, comme le nombre de kilom\u00e8tres ou l'obligation d'une assurance casco compl\u00e8te. Le preneur de leasing est l'utilisateur de la voiture pendant une dur\u00e9e fix\u00e9e par contrat. En contrepartie, il paie chaque mois la mensualit\u00e9 de leasing convenue dans le contrat. En outre, il supporte tous les frais d'entretien comme s'il \u00e9tait propri\u00e9taire d'une voiture, qu'il l'ait pay\u00e9e au comptant ou via un cr\u00e9dit automobile.<\/p>\n\n\n\n<p>Un cr\u00e9dit \u00e0 la consommation, \u00e9galement appel\u00e9 pr\u00eat personnel, n'est pas li\u00e9 \u00e0 un usage sp\u00e9cifique : lorsque vous financez votre voiture avec un cr\u00e9dit auto, le v\u00e9hicule vous appartient d\u00e8s le premier jour. Vous avez la libert\u00e9 d'utiliser la voiture comme bon vous semble et pouvez \u00e9galement la revendre \u00e0 tout moment. En revanche, en ce qui concerne la location (leasing), le Code 178 de l'Office de la circulation routi\u00e8re est inscrit sur le certificat d'immatriculation : en tant que locataire, vous n'\u00eates pas autoris\u00e9 \u00e0 vendre le v\u00e9hicule (= transfert de propri\u00e9t\u00e9 interdit).<\/p>\n\n\n\n<p>Une autre diff\u00e9rence entre un cr\u00e9dit automobile et un leasing r\u00e9side dans la r\u00e9siliation anticip\u00e9e du contrat : celui qui r\u00e9silie un contrat de leasing avant son terme doit payer des frais suppl\u00e9mentaires et des int\u00e9r\u00eats de p\u00e9nalit\u00e9. Dans le cas du&nbsp;<a href=\"https:\/\/credxperts.angularity.de\/fr\/annuler-le-credit-auto-avant-terme\/\" target=\"_blank\" rel=\"noreferrer noopener\">vorzeitigen Abl\u00f6sung eines Autokredits<\/a>&nbsp;vous b\u00e9n\u00e9ficiez m\u00eame d'une remise d'int\u00e9r\u00eat. De plus, un leasing ne se r\u00e9sume pas \u00e0 un&nbsp;<a href=\"https:\/\/credxperts.angularity.de\/fr\/credit-automobile-deduit-des-impots\/\" target=\"_blank\" rel=\"noreferrer noopener\">D\u00e9duire le cr\u00e9dit automobile des imp\u00f4ts<\/a>. En effet, un cr\u00e9dit automobile peut \u00eatre enti\u00e8rement d\u00e9duit des imp\u00f4ts - une fois les int\u00e9r\u00eats du cr\u00e9dit sur le revenu, une fois la dette du cr\u00e9dit sur le patrimoine.<\/p>\n\n\n\n<p><a href=\"https:\/\/credxperts.angularity.de\/fr\/demande-de-credit\/\">D\u00e9marrer la demande de cr\u00e9dit maintenant<\/a><\/p>\n\n\n\n<h2 class=\"wp-block-heading\">Quelles sont les conditions \u00e0 remplir pour obtenir un cr\u00e9dit automobile ?<\/h2>\n\n\n\n<p>Le site&nbsp;<a href=\"https:\/\/www.fedlex.admin.ch\/eli\/cc\/2002\/593\/de\" target=\"_blank\" rel=\"noreferrer noopener\">Loi sur le cr\u00e9dit \u00e0 la consommation (LCC)<\/a>&nbsp;regelt die Voraussetzungen f\u00fcr eine Kreditf\u00e4higkeit: Demnach darf ein Kredit \u2013 ob f\u00fcr ein Fahrzeug, ein&nbsp;<a href=\"https:\/\/credxperts.angularity.de\/fr\/credit-detudes\/\" target=\"_blank\" rel=\"noreferrer noopener\">Cr\u00e9dit d'\u00e9tudes<\/a>&nbsp;oder f\u00fcr&nbsp;<a href=\"https:\/\/credxperts.angularity.de\/fr\/credit-dinvestissement\/\" target=\"_blank\" rel=\"noreferrer noopener\">eine andere Investition<\/a>&nbsp;\u2013 nur an vollj\u00e4hrige und erwerbst\u00e4tige Personen vergeben werden. Dabei m\u00fcssen die Kreditnehmer ihre Kreditraten aus dem nicht pf\u00e4ndbaren Teil des Einkommens begleichen k\u00f6nnen. \u00dcberdies sollten Sie einen Konsumkredit innerhalb von 36 Monaten samt Zinsen zur\u00fcckzahlen k\u00f6nnen, auch wenn Sie eine l\u00e4ngere Kreditlaufzeit vereinbart haben. Schweizer Kreditanbieter pr\u00fcfen neben diesen Voraussetzungen zur Kreditaufnahme noch weitere Kriterien.<\/p>\n\n\n\n<h2 class=\"wp-block-heading\">Cr\u00e9dit auto en Suisse : vos options et possibilit\u00e9s<\/h2>\n\n\n\n<p>Voici, en quelques points brefs et concis, pourquoi nous sommes, chez credXperts, le partenaire id\u00e9al pour votre cr\u00e9dit automobile :<\/p>\n\n\n\n<p><strong>Le cr\u00e9dit automobile en toute simplicit\u00e9<\/strong>:<\/p>\n\n\n\n<p>Chez credXperts, notre objectif est de vous fournir le meilleur cr\u00e9dit automobile possible. Nous comprenons que le financement d'une voiture est une d\u00e9cision importante et nous vous aidons \u00e0 obtenir le montant du cr\u00e9dit dont vous avez besoin \u00e0 un taux d'int\u00e9r\u00eat avantageux. Utilisez notre calculateur de cr\u00e9dit automobile facile d'utilisation pour la Suisse afin de pouvoir financer votre voiture.<\/p>\n\n\n\n<p><strong>Un cr\u00e9dit auto qui vous convient<\/strong>:<\/p>\n\n\n\n<p>Nous proposons des pr\u00eats automobiles sur mesure pour les particuliers. Nos experts vous donnent des conseils complets afin de trouver une solution adapt\u00e9e \u00e0 vos besoins. Que vous ayez besoin d'un petit ou d'un grand montant de cr\u00e9dit, notre \u00e9quipe est pr\u00eate \u00e0 vous pr\u00e9senter les meilleures offres.<\/p>\n\n\n\n<p><strong>Taux annuel effectif global et taux d'int\u00e9r\u00eat<\/strong>:<\/p>\n\n\n\n<p>La transparence est importante pour nous. C'est pourquoi nous vous informons en d\u00e9tail sur le taux d'int\u00e9r\u00eat de nos cr\u00e9dits. Ce taux comprend tous les co\u00fbts, il n'y a pas d'autres frais ou autres, de sorte que l'on peut \u00e9galement parler ici du taux d'int\u00e9r\u00eat effectif ou qu'il n'y a pas de diff\u00e9rence entre les deux. Nous voulons que vous preniez une d\u00e9cision \u00e9clair\u00e9e et que vous ayez une transparence des co\u00fbts pour votre cr\u00e9dit automobile.<\/p>\n\n\n\n<p><strong>Options de paiement flexibles<\/strong>:<\/p>\n\n\n\n<p>Nous proposons des options de paiement flexibles pour r\u00e9pondre \u00e0 vos conditions financi\u00e8res. Nos pr\u00eats automobiles sont con\u00e7us pour vous permettre de r\u00e9aliser votre r\u00eave de poss\u00e9der une voiture, sans pression financi\u00e8re.<\/p>\n\n\n\n<p><strong>Calculer son cr\u00e9dit - simple et rapide<\/strong>:<\/p>\n\n\n\n<p>Gr\u00e2ce \u00e0 notre calculateur en ligne, vous pouvez facilement calculer le montant du cr\u00e9dit et les mensualit\u00e9s de votre cr\u00e9dit automobile. Ce processus n'est pas compliqu\u00e9 et vous donne une id\u00e9e claire des co\u00fbts qui vous attendent.<\/p>\n\n\n\n<p><strong>Pr\u00eats automobiles pour diff\u00e9rents types de v\u00e9hicules<\/strong>:<\/p>\n\n\n\n<p>Outre les voitures, vous pouvez \u00e9galement obtenir chez nous des cr\u00e9dits pour d'autres v\u00e9hicules, comme les motos. Nos solutions sont vari\u00e9es et adapt\u00e9es \u00e0 un large \u00e9ventail de besoins.<\/p>\n\n\n\n<p><strong>Demande de cr\u00e9dit et conseil<\/strong>:<\/p>\n\n\n\n<p>Vous avez des questions sur le cr\u00e9dit automobile ? Nos experts sont \u00e0 votre disposition pour r\u00e9pondre \u00e0 toute question et vous guider dans le processus. Nous sommes \u00e0 votre disposition sur un simple coup de fil ou un e-mail pour vous aider.<\/p>\n\n\n\n<p><strong>Conclusion et perspectives<\/strong>:<\/p>\n\n\n\n<p>Chez credXperts, notre objectif n'est pas seulement de vous fournir un cr\u00e9dit automobile, mais une solution financi\u00e8re qui vous sera b\u00e9n\u00e9fique \u00e0 long terme. Visitez notre site web pour en savoir plus sur nos services et commencez d\u00e8s aujourd'hui \u00e0 faire votre demande de cr\u00e9dit automobile sur notre site web.<\/p>\n\n\n\n<p><a href=\"https:\/\/credxperts.angularity.de\/fr\/demande-de-credit\/\">D\u00e9marrer la demande de cr\u00e9dit maintenant<\/a><\/p>\n\n\n\n<h2 class=\"wp-block-heading\">Cr\u00e9dit priv\u00e9 Suisse :<br>Cela pourrait aussi \u00eatre pour vous<br>\u00eatre utile<\/h2>\n\n\n\n<p>Nous, chez credXperts, sommes des interm\u00e9diaires de cr\u00e9dit ind\u00e9pendants en Suisse. Notre objectif est de trouver pour vous un pr\u00eat personnel qui correspond \u00e0 votre capacit\u00e9 de cr\u00e9dit et qui vous offre des taux d'int\u00e9r\u00eat avantageux. Notre principe de r\u00e9ussite repose sur un conseil en cr\u00e9dit holistique. Cela nous permet d'effectuer des comparaisons de cr\u00e9dits dans toute la Suisse et de vous offrir un financement attractif pour vos investissements.<\/p>\n\n\n\n<p>Aus Erfahrung kennen wir die Fragen, Sorgen oder Unsicherheiten unserer Kundinnen und Kunden, sowie alle&nbsp;<a href=\"https:\/\/credxperts.angularity.de\/fr\/prendre-un-credit\/\">Voraussetzungen, wenn Sie einen Kredit in der Schweiz aufnehmen<\/a>&nbsp;m\u00f6chten. Darum haben wir Ihnen nachfolgend alle relevanten Informationen zum Kreditantrag von Privatkrediten zusammengestellt.<\/p>\n\n\n\n<h2 class=\"wp-block-heading\">Comparaison de cr\u00e9dit Suisse<\/h2>\n\n\n\n<p>Vous souhaitez obtenir un cr\u00e9dit priv\u00e9 en Suisse au meilleur prix possible ? Pour cela, nous comparons toutes les offres de cr\u00e9dit des banques suisses pour les cr\u00e9dits priv\u00e9s jusqu'\u00e0 un montant de CHF 250'000, et ce \u00e0 un taux d'int\u00e9r\u00eat attractif d\u00e8s 4,4 % et avec une dur\u00e9e de cr\u00e9dit allant jusqu'\u00e0 120 mois.<\/p>\n\n\n\n<p><a href=\"https:\/\/credxperts.angularity.de\/fr\/demande-de-credit\/\">D\u00e9marrer la demande de cr\u00e9dit maintenant<\/a><\/p>\n\n\n\n<h2 class=\"wp-block-heading\"><a href=\"https:\/\/credxperts.angularity.de\/fr\/ajustement-de-la-solvabilite\/\">Moins de refus lors de la demande de cr\u00e9dit (ajustement de la solvabilit\u00e9)<\/a><\/h2>\n\n\n\n<p>Lorsque vous soumettez votre demande de pr\u00eat personnel en ligne, nous la v\u00e9rifions imm\u00e9diatement. Dans ce processus, nous cherchons \u00e0 optimiser votre solvabilit\u00e9 (= nettoyage des entr\u00e9es \u00e0 la ZEK). Cela augmente vos chances d'obtenir une approbation de cr\u00e9dit.<\/p>\n\n\n\n<p><a href=\"https:\/\/credxperts.angularity.de\/fr\/ajustement-de-la-solvabilite\/\">En savoir plus sur l'ajustement de la solvabilit\u00e9<\/a><\/p>\n\n\n\n<h2 class=\"wp-block-heading\"><a href=\"https:\/\/credxperts.angularity.de\/fr\/reponses-aux-questions-les-plus-frequentes\/\">Questions et r\u00e9ponses fr\u00e9quentes sur la demande de cr\u00e9dit en Suisse<\/a><\/h2>\n\n\n\n<p>Lorsque vous soumettez votre demande de pr\u00eat personnel en ligne, nous la v\u00e9rifions imm\u00e9diatement. Dans ce processus, nous cherchons \u00e0 optimiser votre solvabilit\u00e9 (= nettoyage des entr\u00e9es \u00e0 la ZEK). Cela augmente vos chances d'obtenir une approbation de cr\u00e9dit.<\/p>\n\n\n\n<p><a href=\"https:\/\/credxperts.angularity.de\/fr\/reponses-aux-questions-les-plus-frequentes\/\">Vers la FAQ<\/a><\/p>","protected":false},"excerpt":{"rendered":"<p>Autokredit beantragen undvon diesen Vorteilen profitieren Pers\u00f6nliche und umfassende Beratung zum Autokredit Ob Privatkredit, Leasing oder Autofinanzierung \u2013 unsere credXperts beraten Sie in allen Finanzierungsangelegenheiten rund um Ihren Autokauf. Jetzt Autokredit berechnen und beantragen Vergleiche der verschiedenen Finanzierungsvarianten Unsere Kreditexperten vergleichen die Finanzierungsarten verschiedener Kreditanbieter in der Schweiz, um das beste Angebot f\u00fcr Ihren Autokredit <strong><a href=\"https:\/\/credxperts.angularity.de\/fr\/autokredit\/\">plus...<\/a><\/strong><\/p>","protected":false},"author":3,"featured_media":0,"parent":0,"menu_order":0,"comment_status":"closed","ping_status":"closed","template":"","meta":{"_acf_changed":false,"footnotes":""},"class_list":["post-8140","page","type-page","status-publish","hentry"],"acf":[],"yoast_head":"<!-- This site is optimized with the Yoast SEO plugin v27.0 - https:\/\/yoast.com\/product\/yoast-seo-wordpress\/ -->\n<title>Autokredit Schweiz \u2013 zu g\u00fcnstigsten Zinen danke credXperts<\/title>\n<meta name=\"description\" content=\"Auto finanzieren mit dem besten Zins. Banken vergleichen lassen, kostenlos Antrag stellen &amp; schnelle Auszahlung erhalten.\" \/>\n<meta name=\"robots\" content=\"noindex, follow, max-snippet:-1, max-image-preview:large, max-video-preview:-1\" \/>\n<meta property=\"og:locale\" content=\"fr_FR\" \/>\n<meta property=\"og:type\" content=\"article\" \/>\n<meta property=\"og:title\" content=\"Autokredit Schweiz \u2013 zu g\u00fcnstigsten Zinen danke credXperts\" \/>\n<meta property=\"og:description\" content=\"Auto finanzieren mit dem besten Zins. Banken vergleichen lassen, kostenlos Antrag stellen &amp; schnelle Auszahlung erhalten.\" \/>\n<meta property=\"og:url\" content=\"https:\/\/credxperts.angularity.de\/fr\/credit-auto\/\" \/>\n<meta property=\"og:site_name\" content=\"credXperts AG\" \/>\n<meta property=\"article:modified_time\" content=\"2026-02-20T13:35:58+00:00\" \/>\n<meta name=\"twitter:card\" content=\"summary_large_image\" \/>\n<meta name=\"twitter:label1\" content=\"Dur\u00e9e de lecture estim\u00e9e\" \/>\n\t<meta name=\"twitter:data1\" content=\"7 minutes\" \/>\n<script type=\"application\/ld+json\" class=\"yoast-schema-graph\">{\"@context\":\"https:\/\/schema.org\",\"@graph\":[{\"@type\":\"WebPage\",\"@id\":\"https:\/\/credxperts.angularity.de\/autokredit\/\",\"url\":\"https:\/\/credxperts.angularity.de\/autokredit\/\",\"name\":\"Autokredit Schweiz \u2013 zu g\u00fcnstigsten Zinen danke credXperts\",\"isPartOf\":{\"@id\":\"https:\/\/credxperts.angularity.de\/#website\"},\"datePublished\":\"2020-01-21T16:11:02+00:00\",\"dateModified\":\"2026-02-20T13:35:58+00:00\",\"description\":\"Auto finanzieren mit dem besten Zins. Banken vergleichen lassen, kostenlos Antrag stellen & schnelle Auszahlung erhalten.\",\"breadcrumb\":{\"@id\":\"https:\/\/credxperts.angularity.de\/autokredit\/#breadcrumb\"},\"inLanguage\":\"fr-FR\",\"potentialAction\":[{\"@type\":\"ReadAction\",\"target\":[\"https:\/\/credxperts.angularity.de\/autokredit\/\"]}]},{\"@type\":\"BreadcrumbList\",\"@id\":\"https:\/\/credxperts.angularity.de\/autokredit\/#breadcrumb\",\"itemListElement\":[{\"@type\":\"ListItem\",\"position\":1,\"name\":\"Home\",\"item\":\"https:\/\/credxperts.angularity.de\/\"},{\"@type\":\"ListItem\",\"position\":2,\"name\":\"Autokredit\"}]},{\"@type\":\"WebSite\",\"@id\":\"https:\/\/credxperts.angularity.de\/#website\",\"url\":\"https:\/\/credxperts.angularity.de\/\",\"name\":\"credXperts AG\",\"description\":\"vergleichen - optimieren - profitieren\",\"potentialAction\":[{\"@type\":\"SearchAction\",\"target\":{\"@type\":\"EntryPoint\",\"urlTemplate\":\"https:\/\/credxperts.angularity.de\/?s={search_term_string}\"},\"query-input\":{\"@type\":\"PropertyValueSpecification\",\"valueRequired\":true,\"valueName\":\"search_term_string\"}}],\"inLanguage\":\"fr-FR\"}]}<\/script>\n<!-- \/ Yoast SEO plugin. -->","yoast_head_json":{"title":"Cr\u00e9dit auto Suisse - aux taux les plus bas gr\u00e2ce \u00e0 credXperts","description":"Financer sa voiture au meilleur taux. Faire comparer les banques, faire une demande gratuitement &amp; obtenir un paiement rapide.","robots":{"index":"noindex","follow":"follow","max-snippet":"max-snippet:-1","max-image-preview":"max-image-preview:large","max-video-preview":"max-video-preview:-1"},"og_locale":"fr_FR","og_type":"article","og_title":"Autokredit Schweiz \u2013 zu g\u00fcnstigsten Zinen danke credXperts","og_description":"Auto finanzieren mit dem besten Zins. Banken vergleichen lassen, kostenlos Antrag stellen & schnelle Auszahlung erhalten.","og_url":"https:\/\/credxperts.angularity.de\/fr\/credit-auto\/","og_site_name":"credXperts AG","article_modified_time":"2026-02-20T13:35:58+00:00","twitter_card":"summary_large_image","twitter_misc":{"Dur\u00e9e de lecture estim\u00e9e":"7 minutes"},"schema":{"@context":"https:\/\/schema.org","@graph":[{"@type":"WebPage","@id":"https:\/\/credxperts.angularity.de\/autokredit\/","url":"https:\/\/credxperts.angularity.de\/autokredit\/","name":"Cr\u00e9dit auto Suisse - aux taux les plus bas gr\u00e2ce \u00e0 credXperts","isPartOf":{"@id":"https:\/\/credxperts.angularity.de\/#website"},"datePublished":"2020-01-21T16:11:02+00:00","dateModified":"2026-02-20T13:35:58+00:00","description":"Financer sa voiture au meilleur taux. Faire comparer les banques, faire une demande gratuitement &amp; obtenir un paiement rapide.","breadcrumb":{"@id":"https:\/\/credxperts.angularity.de\/autokredit\/#breadcrumb"},"inLanguage":"fr-FR","potentialAction":[{"@type":"ReadAction","target":["https:\/\/credxperts.angularity.de\/autokredit\/"]}]},{"@type":"BreadcrumbList","@id":"https:\/\/credxperts.angularity.de\/autokredit\/#breadcrumb","itemListElement":[{"@type":"ListItem","position":1,"name":"Home","item":"https:\/\/credxperts.angularity.de\/"},{"@type":"ListItem","position":2,"name":"Autokredit"}]},{"@type":"WebSite","@id":"https:\/\/credxperts.angularity.de\/#website","url":"https:\/\/credxperts.angularity.de\/","name":"credXperts AG","description":"comparer - optimiser - profiter","potentialAction":[{"@type":"SearchAction","target":{"@type":"EntryPoint","urlTemplate":"https:\/\/credxperts.angularity.de\/?s={search_term_string}"},"query-input":{"@type":"PropertyValueSpecification","valueRequired":true,"valueName":"search_term_string"}}],"inLanguage":"fr-FR"}]}},"_links":{"self":[{"href":"https:\/\/credxperts.angularity.de\/fr\/wp-json\/wp\/v2\/pages\/8140","targetHints":{"allow":["GET"]}}],"collection":[{"href":"https:\/\/credxperts.angularity.de\/fr\/wp-json\/wp\/v2\/pages"}],"about":[{"href":"https:\/\/credxperts.angularity.de\/fr\/wp-json\/wp\/v2\/types\/page"}],"author":[{"embeddable":true,"href":"https:\/\/credxperts.angularity.de\/fr\/wp-json\/wp\/v2\/users\/3"}],"replies":[{"embeddable":true,"href":"https:\/\/credxperts.angularity.de\/fr\/wp-json\/wp\/v2\/comments?post=8140"}],"version-history":[{"count":45,"href":"https:\/\/credxperts.angularity.de\/fr\/wp-json\/wp\/v2\/pages\/8140\/revisions"}],"predecessor-version":[{"id":41024,"href":"https:\/\/credxperts.angularity.de\/fr\/wp-json\/wp\/v2\/pages\/8140\/revisions\/41024"}],"wp:attachment":[{"href":"https:\/\/credxperts.angularity.de\/fr\/wp-json\/wp\/v2\/media?parent=8140"}],"curies":[{"name":"wp","href":"https:\/\/api.w.org\/{rel}","templated":true}]}}