{"id":9444,"date":"2021-01-29T10:18:33","date_gmt":"2021-01-29T09:18:33","guid":{"rendered":"https:\/\/credxperts.ch\/dev\/dev\/dev\/?page_id=9444"},"modified":"2023-08-07T13:52:39","modified_gmt":"2023-08-07T11:52:39","slug":"migros-bank-ag","status":"publish","type":"page","link":"https:\/\/credxperts.angularity.de\/es\/migros-bank-ag\/","title":{"rendered":"Migros Bank AG"},"content":{"rendered":"<div class=\"wpb-content-wrapper\">\r\n\r\n\r\n<p>Migros Bank AG es uno de los principales bancos de cr\u00e9dito en Suiza. Fundada en 1958, entr\u00f3 en el negocio de cr\u00e9dito al consumidor por primera vez en 1983.<\/p>\r\n\r\n\r\n\r\n<p class=\"translation-block\">El rango de inter\u00e9s en el \u00e1rea de los pr\u00e9stamos personales est\u00e1 entre 4.9% y 6.9%. El banco establece internamente la tasa de inter\u00e9s. Esto significa que solo puede <a href=\"https:\/\/credxperts.angularity.de\/es\/comparacion-de-tipos-de-interes\/\" target=\"_blank\" rel=\"noopener\">comparar la tasa de inter\u00e9s del pr\u00e9stamo durante el proceso de solicitud<\/a> y descubrirlo.<\/p>\r\n\r\n<div class=\"vc_row wpb_row vc_row-fluid\"><div class=\"wpb_column vc_column_container vc_col-sm-12\"><div class=\"vc_column-inner\"><div class=\"wpb_wrapper\">\n\t<div class=\"wpb_text_column wpb_content_element\" >\n\t\t<div class=\"wpb_wrapper\">\n\t\t\t<p style=\"text-align: center;\"><a class=\"cta\" href=\"https:\/\/credxperts.angularity.de\/es\/solicitud-de-credito\/\">Solicitar ahora mismo<\/a><\/p>\n\n\t\t<\/div>\n\t<\/div>\n<\/div><\/div><\/div><\/div>\r\n\r\n<p class=\"translation-block\">La decisi\u00f3n sobre el pr\u00e9stamo se toma en l\u00ednea, al igual que la comparaci\u00f3n de pr\u00e9stamos anterior. Primero, firma los documentos necesarios y los env\u00eda por correo junto con un informe de cobro actual y una autenticaci\u00f3n de su identificaci\u00f3n. Este proceso es muy eficiente para el banco. Sin embargo, causa costos para el cliente antes de que se tome una decisi\u00f3n concreta sobre el pr\u00e9stamo.<\/p>\r\n\r\n\r\n\r\n<h2 class=\"wp-block-heading\">Los requisitos para la concesi\u00f3n de cr\u00e9dito de Migros Bank AG son los siguientes:<\/h2>\r\n\r\n\r\n\r\n<ul class=\"wp-block-list\">\r\n<li>Edad m\u00ednima 18 a\u00f1os<\/li>\r\n\r\n\r\n\r\n<li>Residencia fija en Suiza<\/li>\r\n\r\n\r\n\r\n<li>Cuenta bancaria suiza<\/li>\r\n\r\n\r\n\r\n<li>Ciudadan\u00eda suiza, permiso de residencia C, permiso de residencia B (al menos durante 2 a\u00f1os),<\/li>\r\n\r\n\r\n\r\n<li>Empleo regular en un puesto fijo o temporal (demostrable con comprobantes de pago)<\/li>\r\n\r\n\r\n\r\n<li>Per\u00edodo de desistimiento de 14 d\u00edas para un monto de cr\u00e9dito de hasta 80'000 CHF<\/li>\r\n\r\n\r\n\r\n<li>Monto m\u00e1ximo de cr\u00e9dito de 100.000 CHF<\/li>\r\n\r\n\r\n\r\n<li>Protecci\u00f3n gratuita de seguro en caso de enfermedad y accidente, pero no en caso de desempleo (no puede ser asegurado adicionalmente).<\/li>\r\n<\/ul>\r\n\r\n\r\n\r\n<h2 class=\"wp-block-heading\">Documentos necesarios que son absolutamente necesarios para la verificaci\u00f3n de cr\u00e9dito:<\/h2>\r\n\r\n\r\n\r\n<ul class=\"wp-block-list\">\r\n<li>Copia de la identificaci\u00f3n, pasaporte o licencia de conducir (para ciudadanos suizos)<\/li>\r\n\r\n\r\n\r\n<li>Una copia del permiso de residencia C, B,\u00a0<\/li>\r\n\r\n\r\n\r\n<li>Copia de los \u00faltimos 3 comprobantes de pago (para empleados permanentes) o los \u00faltimos 6 para empleados por hora<\/li>\r\n<\/ul>\r\n\r\n\r\n\r\n<h3 class=\"wp-block-heading\">Documentos \u00fatiles para la verificaci\u00f3n de cr\u00e9dito, pero que no son obligatorios:<\/h3>\r\n\r\n\r\n\r\n<ul class=\"wp-block-list\">\r\n<li>Copia del contrato de alquiler, si comparte el alquiler con alguien m\u00e1s<\/li>\r\n\r\n\r\n\r\n<li>Copia de la p\u00f3liza de seguro de salud, para potencialmente mejorar el presupuesto<\/li>\r\n<\/ul>\r\n\r\n\r\n\r\n<h3 class=\"wp-block-heading\">Ventajas del banco Migros AG<\/h3>\r\n\r\n\r\n\r\n<ul class=\"wp-block-list\">\r\n<li>La Migros Bank es uno de los proveedores de cr\u00e9dito con las tasas de inter\u00e9s m\u00e1s bajas de Suiza.<\/li>\r\n\r\n\r\n\r\n<li>Un plazo de hasta 84 meses brinda una gran flexibilidad.<\/li>\r\n\r\n\r\n\r\n<li>Es posible aumentar el l\u00edmite de cr\u00e9dito con una nueva revisi\u00f3n.<\/li>\r\n<\/ul>\r\n\r\n\r\n\r\n<p class=\"translation-block\">Si desea obtener m\u00e1s informaci\u00f3n sobre la Migros Bank, los asesores de cr\u00e9dito de <a href=\"https:\/\/credxperts.angularity.de\/es\/\" target=\"_self\">credXperts AG<\/a> estar\u00e1n encantados de ayudarle: info@credxperts.ch, +41 44 244 34 00.<\/p>\r\n\r\n\r\n\r\n<p class=\"translation-block\">La Migros Bank AG trabaja solo con selectos asesores de cr\u00e9dito o intermediarios de cr\u00e9dito, y la credXperts AG no est\u00e1 incluida en esta lista. Dado que la pol\u00edtica de riesgo es estricta, con gusto le ofrecemos alternativas con las mismas condiciones. <a href=\"https:\/\/credxperts.angularity.de\/es\/solicitud-de-credito\/\" target=\"_blank\" rel=\"noreferrer noopener\">Para ello, le recomendamos que complete nuestro formulario de solicitud de cr\u00e9dito, lo cual solo le tomar\u00e1 2 minutos.<\/a><\/p>\r\n<\/div>","protected":false},"excerpt":{"rendered":"<p>Migros Bank AG es uno de los principales bancos de cr\u00e9dito de Suiza. Fundado en 1958, entr\u00f3 por primera vez en el negocio de los pr\u00e9stamos personales en 1983. El tipo de inter\u00e9s de los pr\u00e9stamos personales oscila entre 4,9%-6,9% El tipo de inter\u00e9s se fija internamente. Esto significa que s\u00f3lo se puede comparar y conocer el tipo de inter\u00e9s exacto del pr\u00e9stamo durante el proceso de solicitud. La decisi\u00f3n sobre el cr\u00e9dito tambi\u00e9n se toma <strong><a href=\"https:\/\/credxperts.angularity.de\/es\/migros-bank-ag\/\">m\u00e1s...<\/a><\/strong><\/p>","protected":false},"author":3,"featured_media":0,"parent":0,"menu_order":0,"comment_status":"closed","ping_status":"closed","template":"","meta":{"_acf_changed":false,"footnotes":""},"class_list":["post-9444","page","type-page","status-publish","hentry"],"acf":[],"yoast_head":"<!-- This site is optimized with the Yoast SEO plugin v27.0 - https:\/\/yoast.com\/product\/yoast-seo-wordpress\/ -->\n<title>Migros Bank AG - Kredite &amp; Erfahrungen mit unserem Partner<\/title>\n<meta name=\"description\" content=\"Die MIGROS BANK ist ein starker Partner von credXperts - vergleichen Sie jetzt die Zinss\u00e4tze und finden Sie den idealen Kredit.\" \/>\n<meta name=\"robots\" content=\"noindex, follow, max-snippet:-1, max-image-preview:large, max-video-preview:-1\" \/>\n<meta property=\"og:locale\" content=\"es_ES\" \/>\n<meta property=\"og:type\" content=\"article\" \/>\n<meta property=\"og:title\" content=\"Migros Bank AG - Kredite &amp; Erfahrungen mit unserem Partner\" \/>\n<meta property=\"og:description\" content=\"Die MIGROS BANK ist ein starker Partner von credXperts - vergleichen Sie jetzt die Zinss\u00e4tze und finden Sie den idealen Kredit.\" \/>\n<meta property=\"og:url\" content=\"https:\/\/credxperts.angularity.de\/es\/migros-bank-ag\/\" \/>\n<meta property=\"og:site_name\" content=\"credXperts AG\" \/>\n<meta property=\"article:modified_time\" content=\"2023-08-07T11:52:39+00:00\" \/>\n<meta name=\"twitter:card\" content=\"summary_large_image\" \/>\n<meta name=\"twitter:label1\" content=\"Tiempo de lectura\" \/>\n\t<meta name=\"twitter:data1\" content=\"2 minutos\" \/>\n<script type=\"application\/ld+json\" class=\"yoast-schema-graph\">{\"@context\":\"https:\/\/schema.org\",\"@graph\":[{\"@type\":\"WebPage\",\"@id\":\"https:\/\/credxperts.angularity.de\/migros-bank-ag\/\",\"url\":\"https:\/\/credxperts.angularity.de\/migros-bank-ag\/\",\"name\":\"Migros Bank AG - Kredite & Erfahrungen mit unserem Partner\",\"isPartOf\":{\"@id\":\"https:\/\/credxperts.angularity.de\/#website\"},\"datePublished\":\"2021-01-29T09:18:33+00:00\",\"dateModified\":\"2023-08-07T11:52:39+00:00\",\"description\":\"Die MIGROS BANK ist ein starker Partner von credXperts - vergleichen Sie jetzt die Zinss\u00e4tze und finden Sie den idealen Kredit.\",\"breadcrumb\":{\"@id\":\"https:\/\/credxperts.angularity.de\/migros-bank-ag\/#breadcrumb\"},\"inLanguage\":\"es\",\"potentialAction\":[{\"@type\":\"ReadAction\",\"target\":[\"https:\/\/credxperts.angularity.de\/migros-bank-ag\/\"]}]},{\"@type\":\"BreadcrumbList\",\"@id\":\"https:\/\/credxperts.angularity.de\/migros-bank-ag\/#breadcrumb\",\"itemListElement\":[{\"@type\":\"ListItem\",\"position\":1,\"name\":\"Home\",\"item\":\"https:\/\/credxperts.angularity.de\/\"},{\"@type\":\"ListItem\",\"position\":2,\"name\":\"Migros Bank AG\"}]},{\"@type\":\"WebSite\",\"@id\":\"https:\/\/credxperts.angularity.de\/#website\",\"url\":\"https:\/\/credxperts.angularity.de\/\",\"name\":\"credXperts AG\",\"description\":\"vergleichen - optimieren - profitieren\",\"potentialAction\":[{\"@type\":\"SearchAction\",\"target\":{\"@type\":\"EntryPoint\",\"urlTemplate\":\"https:\/\/credxperts.angularity.de\/?s={search_term_string}\"},\"query-input\":{\"@type\":\"PropertyValueSpecification\",\"valueRequired\":true,\"valueName\":\"search_term_string\"}}],\"inLanguage\":\"es\"}]}<\/script>\n<!-- \/ Yoast SEO plugin. -->","yoast_head_json":{"title":"Migros Bank AG - Pr\u00e9stamos y experiencia con nuestro socio","description":"MIGROS BANK es un socio fuerte de credXperts - compare los tipos de inter\u00e9s ahora y encuentre el pr\u00e9stamo ideal.","robots":{"index":"noindex","follow":"follow","max-snippet":"max-snippet:-1","max-image-preview":"max-image-preview:large","max-video-preview":"max-video-preview:-1"},"og_locale":"es_ES","og_type":"article","og_title":"Migros Bank AG - Kredite & Erfahrungen mit unserem Partner","og_description":"Die MIGROS BANK ist ein starker Partner von credXperts - vergleichen Sie jetzt die Zinss\u00e4tze und finden Sie den idealen Kredit.","og_url":"https:\/\/credxperts.angularity.de\/es\/migros-bank-ag\/","og_site_name":"credXperts AG","article_modified_time":"2023-08-07T11:52:39+00:00","twitter_card":"summary_large_image","twitter_misc":{"Tiempo de lectura":"2 minutos"},"schema":{"@context":"https:\/\/schema.org","@graph":[{"@type":"WebPage","@id":"https:\/\/credxperts.angularity.de\/migros-bank-ag\/","url":"https:\/\/credxperts.angularity.de\/migros-bank-ag\/","name":"Migros Bank AG - Pr\u00e9stamos y experiencia con nuestro socio","isPartOf":{"@id":"https:\/\/credxperts.angularity.de\/#website"},"datePublished":"2021-01-29T09:18:33+00:00","dateModified":"2023-08-07T11:52:39+00:00","description":"MIGROS BANK es un socio fuerte de credXperts - compare los tipos de inter\u00e9s ahora y encuentre el pr\u00e9stamo ideal.","breadcrumb":{"@id":"https:\/\/credxperts.angularity.de\/migros-bank-ag\/#breadcrumb"},"inLanguage":"es","potentialAction":[{"@type":"ReadAction","target":["https:\/\/credxperts.angularity.de\/migros-bank-ag\/"]}]},{"@type":"BreadcrumbList","@id":"https:\/\/credxperts.angularity.de\/migros-bank-ag\/#breadcrumb","itemListElement":[{"@type":"ListItem","position":1,"name":"Home","item":"https:\/\/credxperts.angularity.de\/"},{"@type":"ListItem","position":2,"name":"Migros Bank AG"}]},{"@type":"WebSite","@id":"https:\/\/credxperts.angularity.de\/#website","url":"https:\/\/credxperts.angularity.de\/","name":"credXperts AG","description":"comparar - optimizar - aprovechar","potentialAction":[{"@type":"SearchAction","target":{"@type":"EntryPoint","urlTemplate":"https:\/\/credxperts.angularity.de\/?s={search_term_string}"},"query-input":{"@type":"PropertyValueSpecification","valueRequired":true,"valueName":"search_term_string"}}],"inLanguage":"es"}]}},"_links":{"self":[{"href":"https:\/\/credxperts.angularity.de\/es\/wp-json\/wp\/v2\/pages\/9444","targetHints":{"allow":["GET"]}}],"collection":[{"href":"https:\/\/credxperts.angularity.de\/es\/wp-json\/wp\/v2\/pages"}],"about":[{"href":"https:\/\/credxperts.angularity.de\/es\/wp-json\/wp\/v2\/types\/page"}],"author":[{"embeddable":true,"href":"https:\/\/credxperts.angularity.de\/es\/wp-json\/wp\/v2\/users\/3"}],"replies":[{"embeddable":true,"href":"https:\/\/credxperts.angularity.de\/es\/wp-json\/wp\/v2\/comments?post=9444"}],"version-history":[{"count":15,"href":"https:\/\/credxperts.angularity.de\/es\/wp-json\/wp\/v2\/pages\/9444\/revisions"}],"predecessor-version":[{"id":28436,"href":"https:\/\/credxperts.angularity.de\/es\/wp-json\/wp\/v2\/pages\/9444\/revisions\/28436"}],"wp:attachment":[{"href":"https:\/\/credxperts.angularity.de\/es\/wp-json\/wp\/v2\/media?parent=9444"}],"curies":[{"name":"wp","href":"https:\/\/api.w.org\/{rel}","templated":true}]}}