{"id":9435,"date":"2021-01-29T10:07:17","date_gmt":"2021-01-29T09:07:17","guid":{"rendered":"https:\/\/credxperts.ch\/dev\/dev\/dev\/?page_id=9435"},"modified":"2024-04-18T12:40:48","modified_gmt":"2024-04-18T10:40:48","slug":"bob-finance-ag","status":"publish","type":"page","link":"https:\/\/credxperts.angularity.de\/es\/bob-finance-ag\/","title":{"rendered":"bob Finance AG: Informaci\u00f3n sobre la fintech suiza"},"content":{"rendered":"<div class=\"wpb-content-wrapper\">\r\n\r\n\r\n<p>bob Finance AG tiene su sede en Z\u00farich y es una filial del Grupo Valora, conocido en Suiza como operador de quioscos. bob Finance es una parte importante de nuestro <a href=\"https:\/\/credxperts.angularity.de\/es\/comparacion-de-creditos\/\" target=\"_blank\" rel=\"noreferrer noopener\">Comparaci\u00f3n de pr\u00e9stamos<\/a>. Cabe destacar el portal en l\u00ednea de bob Finance AG, que ofrece a los clientes la posibilidad de seguir en l\u00ednea su financiaci\u00f3n actual.<\/p>\r\n\r\n\r\n\r\n<p>El rango de inter\u00e9s para los pr\u00e9stamos personales est\u00e1 entre el 4,9 % y el 8,9 %. La concesi\u00f3n de cr\u00e9dito se realiza exclusivamente sobre la base de la base de datos de solvencia CRIF. \u00bfQuiere saber cu\u00e1l es su puntuaci\u00f3n de CRIF? Entonces rellene nuestro formulario de contacto aqu\u00ed.<\/p>\r\n\r\n<div class=\"vc_row wpb_row vc_row-fluid\"><div class=\"wpb_column vc_column_container vc_col-sm-12\"><div class=\"vc_column-inner\"><div class=\"wpb_wrapper\">\n\t<div class=\"wpb_text_column wpb_content_element\" >\n\t\t<div class=\"wpb_wrapper\">\n\t\t\t<p style=\"text-align: center;\"><a class=\"cta\" href=\"https:\/\/credxperts.angularity.de\/es\/solicitud-de-credito\/\">Inicie ahora la comparaci\u00f3n de cr\u00e9ditos<\/a><\/p>\n\n\t\t<\/div>\n\t<\/div>\n<\/div><\/div><\/div><\/div>\r\n\r\n<h2 class=\"wp-block-heading\">Los requisitos para la concesi\u00f3n de cr\u00e9dito de BOB FInance son los siguientes:<\/h2>\r\n\r\n\r\n\r\n<ul class=\"wp-block-list\">\r\n<li>Edad m\u00ednima 22 a\u00f1os, edad m\u00e1xima 62 a\u00f1os.<\/li>\r\n\r\n\r\n\r\n<li>Residencia fija en Suiza<\/li>\r\n\r\n\r\n\r\n<li>Cuenta bancaria suiza<\/li>\r\n\r\n\r\n\r\n<li>Ciudadan\u00eda suiza, permiso de residencia C, permiso de residencia B (al menos durante 2 a\u00f1os),<\/li>\r\n\r\n\r\n\r\n<li>Empleo regular en un puesto fijo o temporal (demostrable con comprobantes de pago)<\/li>\r\n\r\n\r\n\r\n<li>Ingreso m\u00ednimo de 2500 CHF por mes<\/li>\r\n\r\n\r\n\r\n<li>Per\u00edodo de desistimiento de 14 d\u00edas para un monto de cr\u00e9dito de hasta 80'000 CHF<\/li>\r\n\r\n\r\n\r\n<li>Monto m\u00e1ximo de cr\u00e9dito de 80'000 CHF<\/li>\r\n<\/ul>\r\n\r\n\r\n\r\n<h2 class=\"wp-block-heading\">Documentos necesarios que son absolutamente necesarios para la verificaci\u00f3n de cr\u00e9dito:<\/h2>\r\n\r\n\r\n\r\n<ul class=\"wp-block-list\">\r\n<li>Copia de la identificaci\u00f3n, pasaporte o licencia de conducir (para ciudadanos suizos)<\/li>\r\n\r\n\r\n\r\n<li>Copia del permiso de residencia C, B, G o L para ciudadanos extranjeros<\/li>\r\n\r\n\r\n\r\n<li>Copia de los \u00faltimos 3 comprobantes de pago (para empleados permanentes) o los \u00faltimos 6 para empleados por hora<\/li>\r\n<\/ul>\r\n\r\n\r\n\r\n<h2 class=\"wp-block-heading\">Documentos \u00fatiles para la verificaci\u00f3n de cr\u00e9dito, pero que no son obligatorios:<\/h2>\r\n\r\n\r\n\r\n<ul class=\"wp-block-list\">\r\n<li>Copia del contrato de alquiler, si comparte el alquiler con alguien m\u00e1s<\/li>\r\n\r\n\r\n\r\n<li>Copia de la p\u00f3liza de seguro de salud, para potencialmente mejorar el presupuesto<\/li>\r\n<\/ul>\r\n\r\n\r\n\r\n<h2 class=\"wp-block-heading\">Ventajas de Bob Finance AG<\/h2>\r\n\r\n\r\n\r\n<ul class=\"wp-block-list\">\r\n<li>Esta joven startup fintech destaca por su proceso de solicitud en l\u00ednea sencillo y transparente.<\/li>\r\n\r\n\r\n\r\n<li>Como uno de los pocos proveedores de cr\u00e9dito en Suiza, Bob Finance AG ofrece un plazo de hasta 120 meses. Esto le brinda una gran flexibilidad mensual.<\/li>\r\n\r\n\r\n\r\n<li>El proceso de solicitud es simple y est\u00e1 claramente estructurado en todos los idiomas nacionales.<\/li>\r\n\r\n\r\n\r\n<li class=\"translation-block\">Tambi\u00e9n puede <a href=\"https:\/\/credxperts.angularity.de\/es\/aumentar-el-credito-de-forma-sencilla\/\" target=\"_self\">ampliar el cr\u00e9dito de forma sencilla y sin complicaciones<\/a>.<\/li>\r\n\r\n\r\n\r\n<li>Gracias al portal en l\u00ednea, siempre tiene control sobre su cr\u00e9dito y puede encontrar toda la informaci\u00f3n y los documentos en l\u00ednea en cualquier momento.<\/li>\r\n<\/ul>\r\n\r\n\r\n\r\n<p>\u00bfDesea obtener m\u00e1s informaci\u00f3n sobre bob Finance AG? En <a href=\"https:\/\/credxperts.angularity.de\/es\/\">Asesor de cr\u00e9dito de credXperts AG<\/a> estar\u00e1 encantado de ayudarle: info@credxperts.ch, +41 44 244 34 00. <a class=\"cta\" href=\"https:\/\/credxperts.angularity.de\/es\/solicitud-de-credito\/\">Inicie ahora la comparaci\u00f3n de cr\u00e9ditos<\/a><\/p>\r\n<p>Nos gustar\u00eda se\u00f1alar que no existe ninguna cooperaci\u00f3n entre credxperts y BOB Finance. Esta p\u00e1gina es para informaci\u00f3n de nuestros clientes.<\/p>\r\n<\/div>","protected":false},"excerpt":{"rendered":"<p>bob Finance AG tiene su sede en Z\u00farich y es una filial del Grupo Valora, conocido en Suiza como operador de quioscos. bob Finance es un componente importante de nuestras comparaciones de cr\u00e9ditos. Cabe destacar el portal en l\u00ednea de bob Finance AG, que ofrece a los clientes la posibilidad de controlar en l\u00ednea su financiaci\u00f3n actual. La p\u00e1gina <strong><a href=\"https:\/\/credxperts.angularity.de\/es\/bob-finance-ag\/\">m\u00e1s...<\/a><\/strong><\/p>","protected":false},"author":3,"featured_media":0,"parent":0,"menu_order":0,"comment_status":"closed","ping_status":"closed","template":"","meta":{"_acf_changed":false,"footnotes":""},"class_list":["post-9435","page","type-page","status-publish","hentry"],"acf":[],"yoast_head":"<!-- This site is optimized with the Yoast SEO plugin v27.0 - https:\/\/yoast.com\/product\/yoast-seo-wordpress\/ -->\n<title>bob Finance AG - Erfahrungen und Informaitonen<\/title>\n<meta name=\"description\" content=\"bob Finance AG Erfahrungen und Informaitonen - Sie m\u00f6chten mehr \u00fcber die Konditionen, Dokumente und das Genehmigungsverfahren erfahren?\" \/>\n<meta name=\"robots\" content=\"noindex, follow, max-snippet:-1, max-image-preview:large, max-video-preview:-1\" \/>\n<meta property=\"og:locale\" content=\"es_ES\" \/>\n<meta property=\"og:type\" content=\"article\" \/>\n<meta property=\"og:title\" content=\"bob Finance AG - Erfahrungen und Informaitonen\" \/>\n<meta property=\"og:description\" content=\"bob Finance AG Erfahrungen und Informaitonen - Sie m\u00f6chten mehr \u00fcber die Konditionen, Dokumente und das Genehmigungsverfahren erfahren?\" \/>\n<meta property=\"og:url\" content=\"https:\/\/credxperts.angularity.de\/es\/bob-finance-ag\/\" \/>\n<meta property=\"og:site_name\" content=\"credXperts AG\" \/>\n<meta property=\"article:modified_time\" content=\"2024-04-18T10:40:48+00:00\" \/>\n<meta name=\"twitter:card\" content=\"summary_large_image\" \/>\n<meta name=\"twitter:label1\" content=\"Tiempo de lectura\" \/>\n\t<meta name=\"twitter:data1\" content=\"3 minutos\" \/>\n<script type=\"application\/ld+json\" class=\"yoast-schema-graph\">{\"@context\":\"https:\/\/schema.org\",\"@graph\":[{\"@type\":\"WebPage\",\"@id\":\"https:\/\/credxperts.angularity.de\/bob-finance-ag\/\",\"url\":\"https:\/\/credxperts.angularity.de\/bob-finance-ag\/\",\"name\":\"bob Finance AG - Erfahrungen und Informaitonen\",\"isPartOf\":{\"@id\":\"https:\/\/credxperts.angularity.de\/#website\"},\"datePublished\":\"2021-01-29T09:07:17+00:00\",\"dateModified\":\"2024-04-18T10:40:48+00:00\",\"description\":\"bob Finance AG Erfahrungen und Informaitonen - Sie m\u00f6chten mehr \u00fcber die Konditionen, Dokumente und das Genehmigungsverfahren erfahren?\",\"breadcrumb\":{\"@id\":\"https:\/\/credxperts.angularity.de\/bob-finance-ag\/#breadcrumb\"},\"inLanguage\":\"es\",\"potentialAction\":[{\"@type\":\"ReadAction\",\"target\":[\"https:\/\/credxperts.angularity.de\/bob-finance-ag\/\"]}]},{\"@type\":\"BreadcrumbList\",\"@id\":\"https:\/\/credxperts.angularity.de\/bob-finance-ag\/#breadcrumb\",\"itemListElement\":[{\"@type\":\"ListItem\",\"position\":1,\"name\":\"Home\",\"item\":\"https:\/\/credxperts.angularity.de\/\"},{\"@type\":\"ListItem\",\"position\":2,\"name\":\"bob Finance AG: Informationen zum schweizer Fintech\"}]},{\"@type\":\"WebSite\",\"@id\":\"https:\/\/credxperts.angularity.de\/#website\",\"url\":\"https:\/\/credxperts.angularity.de\/\",\"name\":\"credXperts AG\",\"description\":\"vergleichen - optimieren - profitieren\",\"potentialAction\":[{\"@type\":\"SearchAction\",\"target\":{\"@type\":\"EntryPoint\",\"urlTemplate\":\"https:\/\/credxperts.angularity.de\/?s={search_term_string}\"},\"query-input\":{\"@type\":\"PropertyValueSpecification\",\"valueRequired\":true,\"valueName\":\"search_term_string\"}}],\"inLanguage\":\"es\"}]}<\/script>\n<!-- \/ Yoast SEO plugin. -->","yoast_head_json":{"title":"bob Finance AG - Experiencia e informaci\u00f3n","description":"bob Finance AG experiencia e informaci\u00f3n - \u00bfDesea saber m\u00e1s sobre las condiciones, los documentos y el procedimiento de autorizaci\u00f3n?","robots":{"index":"noindex","follow":"follow","max-snippet":"max-snippet:-1","max-image-preview":"max-image-preview:large","max-video-preview":"max-video-preview:-1"},"og_locale":"es_ES","og_type":"article","og_title":"bob Finance AG - Erfahrungen und Informaitonen","og_description":"bob Finance AG Erfahrungen und Informaitonen - Sie m\u00f6chten mehr \u00fcber die Konditionen, Dokumente und das Genehmigungsverfahren erfahren?","og_url":"https:\/\/credxperts.angularity.de\/es\/bob-finance-ag\/","og_site_name":"credXperts AG","article_modified_time":"2024-04-18T10:40:48+00:00","twitter_card":"summary_large_image","twitter_misc":{"Tiempo de lectura":"3 minutos"},"schema":{"@context":"https:\/\/schema.org","@graph":[{"@type":"WebPage","@id":"https:\/\/credxperts.angularity.de\/bob-finance-ag\/","url":"https:\/\/credxperts.angularity.de\/bob-finance-ag\/","name":"bob Finance AG - Experiencia e informaci\u00f3n","isPartOf":{"@id":"https:\/\/credxperts.angularity.de\/#website"},"datePublished":"2021-01-29T09:07:17+00:00","dateModified":"2024-04-18T10:40:48+00:00","description":"bob Finance AG experiencia e informaci\u00f3n - \u00bfDesea saber m\u00e1s sobre las condiciones, los documentos y el procedimiento de autorizaci\u00f3n?","breadcrumb":{"@id":"https:\/\/credxperts.angularity.de\/bob-finance-ag\/#breadcrumb"},"inLanguage":"es","potentialAction":[{"@type":"ReadAction","target":["https:\/\/credxperts.angularity.de\/bob-finance-ag\/"]}]},{"@type":"BreadcrumbList","@id":"https:\/\/credxperts.angularity.de\/bob-finance-ag\/#breadcrumb","itemListElement":[{"@type":"ListItem","position":1,"name":"Home","item":"https:\/\/credxperts.angularity.de\/"},{"@type":"ListItem","position":2,"name":"bob Finance AG: Informationen zum schweizer Fintech"}]},{"@type":"WebSite","@id":"https:\/\/credxperts.angularity.de\/#website","url":"https:\/\/credxperts.angularity.de\/","name":"credXperts AG","description":"comparar - optimizar - aprovechar","potentialAction":[{"@type":"SearchAction","target":{"@type":"EntryPoint","urlTemplate":"https:\/\/credxperts.angularity.de\/?s={search_term_string}"},"query-input":{"@type":"PropertyValueSpecification","valueRequired":true,"valueName":"search_term_string"}}],"inLanguage":"es"}]}},"_links":{"self":[{"href":"https:\/\/credxperts.angularity.de\/es\/wp-json\/wp\/v2\/pages\/9435","targetHints":{"allow":["GET"]}}],"collection":[{"href":"https:\/\/credxperts.angularity.de\/es\/wp-json\/wp\/v2\/pages"}],"about":[{"href":"https:\/\/credxperts.angularity.de\/es\/wp-json\/wp\/v2\/types\/page"}],"author":[{"embeddable":true,"href":"https:\/\/credxperts.angularity.de\/es\/wp-json\/wp\/v2\/users\/3"}],"replies":[{"embeddable":true,"href":"https:\/\/credxperts.angularity.de\/es\/wp-json\/wp\/v2\/comments?post=9435"}],"version-history":[{"count":15,"href":"https:\/\/credxperts.angularity.de\/es\/wp-json\/wp\/v2\/pages\/9435\/revisions"}],"predecessor-version":[{"id":33784,"href":"https:\/\/credxperts.angularity.de\/es\/wp-json\/wp\/v2\/pages\/9435\/revisions\/33784"}],"wp:attachment":[{"href":"https:\/\/credxperts.angularity.de\/es\/wp-json\/wp\/v2\/media?parent=9435"}],"curies":[{"name":"wp","href":"https:\/\/api.w.org\/{rel}","templated":true}]}}