{"id":8140,"date":"2020-01-21T17:11:02","date_gmt":"2020-01-21T16:11:02","guid":{"rendered":"https:\/\/credxperts.ch\/dev\/dev\/dev\/?page_id=8140"},"modified":"2026-02-20T14:35:58","modified_gmt":"2026-02-20T13:35:58","slug":"prestamo-coche","status":"publish","type":"page","link":"https:\/\/credxperts.angularity.de\/es\/autokredit\/","title":{"rendered":"Pr\u00e9stamo para auto"},"content":{"rendered":"<h2 class=\"wp-block-heading\">Solicite un pr\u00e9stamo coche y<br>Benef\u00edciese de estas ventajas<\/h2>\n\n\n\n<h2 class=\"wp-block-heading\">Asesoramiento personal y completo sobre el cr\u00e9dito para el auto.<\/h2>\n\n\n\n<p>Ya sea cr\u00e9dito privado, leasing o financiamiento de auto \u2013 nuestros credXperts le asesoran en todos los asuntos de financiaci\u00f3n relacionados con la compra de su auto.<\/p>\n\n\n\n<p><a href=\"https:\/\/credxperts.angularity.de\/es\/solicitud-de-credito\/\">Calcule y solicite ahora el cr\u00e9dito para el auto.<\/a><\/p>\n\n\n\n<h2 class=\"wp-block-heading\">Comparaciones de las diferentes variantes de financiaci\u00f3n.<\/h2>\n\n\n\n<p>Nuestros expertos en cr\u00e9ditos comparan las formas de financiaci\u00f3n de diferentes proveedores de cr\u00e9ditos en Suiza para encontrar la mejor oferta para su cr\u00e9dito de auto.<\/p>\n\n\n\n<p>Si&nbsp;<a href=\"https:\/\/credxperts.angularity.de\/es\/prestamo-coche-o-leasing-a-la-hora-de-comprar-un-coche-en-suiza-que-financiacion-merece-la-pena\/\">Autokredit oder Leasing<\/a>&nbsp;\u2013 hier finden Sie heraus, was die Unterschiede sind.<\/p>\n\n\n\n<h2 class=\"wp-block-heading\">Evitar rechazos en el cr\u00e9dito para el auto.<\/h2>\n\n\n\n<p>Ihre Online-Anfrage zum Autokredit pr\u00fcfen wir umfassend, um Ihre Bonit\u00e4t zu optimieren. Damit vermeiden Sie Ablehnungen bei der ZEK, sodass Ihre Chancen auf einen&nbsp;<a href=\"https:\/\/credxperts.angularity.de\/es\/prestamo-coche-a-pesar-de-la-mala-calificacion-crediticia\/\" target=\"_blank\" rel=\"noreferrer noopener\">Autokredit trotz schlechter Bonit\u00e4t<\/a>&nbsp;gut stehen. Auch helfen wir Ihnen dabei, Ihre Bonit\u00e4t wiederherzustellen durch Bereinigungen bei den verschiedenen Bonit\u00e4ts-Auskunfteien.<\/p>\n\n\n\n<h2 class=\"wp-block-heading\">Tramitaci\u00f3n del cr\u00e9dito de la A a la Z.<\/h2>\n\n\n\n<p>Tan pronto como calcule y solicite su cr\u00e9dito para el auto con nosotros en l\u00ednea, nos encargamos de todo hasta que su cr\u00e9dito para el auto sea aprobado \u2013 desde la b\u00fasqueda de opciones de financiaci\u00f3n econ\u00f3micas hasta una solicitud en el banco adecuado, pasando por el desembolso de la cantidad de cr\u00e9dito deseada. Incluso despu\u00e9s del desembolso de su cr\u00e9dito para el auto, seguimos siendo su primer punto de contacto para cualquier inquietud.<\/p>\n\n\n\n<p><a href=\"https:\/\/credxperts.angularity.de\/es\/solicitud-de-credito\/\">Solicite su cr\u00e9dito ahora.<\/a><\/p>\n\n\n\n<h2 class=\"wp-block-heading\">Wie gehen wir bei einer Kreditanfrage<br>f\u00fcr Ihren Autokauf vor?<\/h2>\n\n\n\n<p>En&nbsp;<a href=\"https:\/\/credxperts.angularity.de\/es\/\">Asesor de cr\u00e9dito de credXperts<\/a>&nbsp;comprobar su solvencia a partir de una consulta personal de cr\u00e9dito y mostrarle qu\u00e9 criterios son relevantes para la concesi\u00f3n de un pr\u00e9stamo. Tras un exhaustivo an\u00e1lisis de sus necesidades, trabajamos con usted para encontrar el producto de financiaci\u00f3n que mejor se adapte a sus necesidades.<\/p>\n\n\n\n<p>No solo la cantidad de cr\u00e9dito deseada es importante \u2013 tambi\u00e9n preste atenci\u00f3n a una cuota mensual asequible de su cr\u00e9dito de auto o leasing. En este caso, la elecci\u00f3n del plazo adecuado es crucial para que las cuotas de cr\u00e9dito o leasing no sobrecarguen su presupuesto dom\u00e9stico.<\/p>\n\n\n\n<p>Einen Autokredit k\u00f6nnen Sie jederzeit vorzeitig zur\u00fcckzahlen, die Zinskosten betreffen nur die effektive Laufzeit. Nutzen Sie hierzu gerne unseren&nbsp;<a href=\"https:\/\/credxperts.angularity.de\/es\/calculadora-de-drenaje\/\">Abl\u00f6serechner f\u00fcr Kredite<\/a>. Beim Leasing sieht das anders aus, wie Sie im n\u00e4chsten Abschnitt sehen.<\/p>\n\n\n\n<h2 class=\"wp-block-heading\">Pr\u00e9stamo de coche o leasing: \u00bfcu\u00e1les son las diferencias?<\/h2>\n\n\n\n<p>El leasing es una transacci\u00f3n triangular entre el taller, el arrendador (empresa de leasing) y el arrendatario (propietario del coche). La empresa de leasing compra el coche al taller. Por tanto, es la propietaria del coche e impone ciertas restricciones, como el n\u00famero de kil\u00f3metros o la obligaci\u00f3n de tener un seguro a todo riesgo. El arrendatario es el usuario del coche durante un periodo fijado por contrato. A cambio, paga la cuota mensual de leasing acordada contractualmente. Adem\u00e1s, corre con todos los gastos de mantenimiento como quien tiene un coche en propiedad, ya sea al contado o mediante un pr\u00e9stamo.<\/p>\n\n\n\n<p>Puede pagar su cr\u00e9dito para el auto en cualquier momento de manera anticipada, los costos de inter\u00e9s solo afectan la duraci\u00f3n efectiva. Para ello, utilice con gusto nuestro <a href=\"https:\/\/credxperts.angularity.de\/es\/calculadora-de-drenaje\/\" target=\"_self\">calculador de amortizaci\u00f3n para cr\u00e9ditos<\/a>. En el caso del leasing, la situaci\u00f3n es diferente, como ver\u00e1 en la siguiente secci\u00f3n.<\/p>\n\n\n\n<p>Otra diferencia entre un pr\u00e9stamo y un leasing es la cancelaci\u00f3n anticipada del contrato: quien cancela anticipadamente un contrato de leasing debe pagar costes adicionales e intereses de penalizaci\u00f3n. Con el&nbsp;<a href=\"https:\/\/credxperts.angularity.de\/es\/amortizacion-anticipada-del-prestamo-coche\/\" target=\"_blank\" rel=\"noreferrer noopener\">vorzeitigen Abl\u00f6sung eines Autokredits<\/a>&nbsp;incluso te beneficias de una exenci\u00f3n de intereses. Adem\u00e1s, un contrato de arrendamiento no es como un&nbsp;<a href=\"https:\/\/credxperts.angularity.de\/es\/prestamo-coche-desgravable\/\" target=\"_blank\" rel=\"noreferrer noopener\">Deducir de impuestos el pr\u00e9stamo del coche<\/a>. Puede deducir de sus impuestos el importe total de un pr\u00e9stamo de coche: los intereses del pr\u00e9stamo de sus ingresos y la deuda del pr\u00e9stamo de sus activos.<\/p>\n\n\n\n<p><a href=\"https:\/\/credxperts.angularity.de\/es\/solicitud-de-credito\/\">Solicite su cr\u00e9dito ahora.<\/a><\/p>\n\n\n\n<h2 class=\"wp-block-heading\">\u00bfQu\u00e9 requisitos debe cumplir para obtener un cr\u00e9dito para el auto?<\/h2>\n\n\n\n<p>En&nbsp;<a href=\"https:\/\/www.fedlex.admin.ch\/eli\/cc\/2002\/593\/de\" target=\"_blank\" rel=\"noreferrer noopener\">Ley de cr\u00e9dito al consumo (KKG)<\/a>&nbsp;regelt die Voraussetzungen f\u00fcr eine Kreditf\u00e4higkeit: Demnach darf ein Kredit \u2013 ob f\u00fcr ein Fahrzeug, ein&nbsp;<a href=\"https:\/\/credxperts.angularity.de\/es\/prestamo-estudiantil\/\" target=\"_blank\" rel=\"noreferrer noopener\">Cr\u00e9dito para estudios<\/a>&nbsp;oder f\u00fcr&nbsp;<a href=\"https:\/\/credxperts.angularity.de\/es\/prestamo-de-inversion\/\" target=\"_blank\" rel=\"noreferrer noopener\">eine andere Investition<\/a>&nbsp;\u2013 nur an vollj\u00e4hrige und erwerbst\u00e4tige Personen vergeben werden. Dabei m\u00fcssen die Kreditnehmer ihre Kreditraten aus dem nicht pf\u00e4ndbaren Teil des Einkommens begleichen k\u00f6nnen. \u00dcberdies sollten Sie einen Konsumkredit innerhalb von 36 Monaten samt Zinsen zur\u00fcckzahlen k\u00f6nnen, auch wenn Sie eine l\u00e4ngere Kreditlaufzeit vereinbart haben. Schweizer Kreditanbieter pr\u00fcfen neben diesen Voraussetzungen zur Kreditaufnahme noch weitere Kriterien.<\/p>\n\n\n\n<h2 class=\"wp-block-heading\">Pr\u00e9stamo coche en Suiza: opciones y posibilidades<\/h2>\n\n\n\n<p>He aqu\u00ed un breve y conciso resumen de por qu\u00e9 en credXperts somos el socio ideal para su pr\u00e9stamo de coche:<\/p>\n\n\n\n<p><strong>Pr\u00e9stamo coche f\u00e1cil<\/strong>:<\/p>\n\n\n\n<p>En credXperts, nuestro objetivo es conseguirle el mejor pr\u00e9stamo para coche posible. Entendemos que la financiaci\u00f3n de un coche es una decisi\u00f3n importante y le ayudaremos a obtener el importe del pr\u00e9stamo que necesita a un tipo de inter\u00e9s favorable. Utilice nuestra sencilla calculadora de pr\u00e9stamos para coches en Suiza para ayudarle a financiar su coche.<\/p>\n\n\n\n<p><strong>Un pr\u00e9stamo coche a tu medida<\/strong>:<\/p>\n\n\n\n<p>Ofrecemos pr\u00e9stamos coche a medida para particulares. Nuestros expertos le asesorar\u00e1n de forma exhaustiva para encontrar una soluci\u00f3n que se adapte a sus necesidades. Tanto si necesita un pr\u00e9stamo de peque\u00f1o como de gran importe, nuestro equipo est\u00e1 preparado para presentarle las mejores ofertas.<\/p>\n\n\n\n<p><strong>Tipo de inter\u00e9s efectivo anual y tipo de inter\u00e9s<\/strong>:<\/p>\n\n\n\n<p>La transparencia es importante para nosotros. Por eso le facilitamos informaci\u00f3n detallada sobre el tipo de inter\u00e9s de nuestros pr\u00e9stamos. Este tipo de inter\u00e9s incluye todos los costes, no hay otras comisiones ni similares, por lo que tambi\u00e9n puede denominarse tipo de inter\u00e9s efectivo o no hay diferencia. Queremos que tomes una decisi\u00f3n informada y que tengas transparencia en los costes de tu pr\u00e9stamo coche.<\/p>\n\n\n\n<p><strong>Opciones de pago flexibles<\/strong>:<\/p>\n\n\n\n<p>Ofrecemos opciones de pago flexibles que se adaptan a sus circunstancias financieras. Nuestros pr\u00e9stamos para coches est\u00e1n dise\u00f1ados para que pueda hacer realidad su sue\u00f1o de tener un coche sin crear presi\u00f3n financiera.<\/p>\n\n\n\n<p><strong>Calcular el cr\u00e9dito: r\u00e1pido y f\u00e1cil<\/strong>:<\/p>\n\n\n\n<p>Con nuestra calculadora online, puedes calcular f\u00e1cilmente el importe del pr\u00e9stamo y la cuota mensual de tu pr\u00e9stamo coche. Este proceso es sencillo y te da una idea clara de los costes en los que incurrir\u00e1s.<\/p>\n\n\n\n<p><strong>Pr\u00e9stamos para diferentes tipos de veh\u00edculos<\/strong>:<\/p>\n\n\n\n<p>Adem\u00e1s de coches, tambi\u00e9n puede obtener pr\u00e9stamos para otros veh\u00edculos, como motocicletas. Nuestras soluciones son vers\u00e1tiles y se adaptan a una amplia gama de necesidades.<\/p>\n\n\n\n<p><strong>Consulta y asesoramiento sobre cr\u00e9ditos<\/strong>:<\/p>\n\n\n\n<p>\u00bfTienes preguntas sobre el pr\u00e9stamo coche? Nuestros expertos est\u00e1n a tu disposici\u00f3n para responder a cualquier pregunta y guiarte a lo largo del proceso. Estamos a solo una llamada o un correo electr\u00f3nico de distancia para ayudarte.<\/p>\n\n\n\n<p><strong>Conclusi\u00f3n y perspectivas<\/strong>:<\/p>\n\n\n\n<p>Nuestro objetivo en credXperts no es s\u00f3lo conseguirle un pr\u00e9stamo para su coche, sino una soluci\u00f3n financiera que le beneficie a largo plazo. Visite nuestro sitio web para obtener m\u00e1s informaci\u00f3n sobre nuestros servicios e inicie su solicitud de pr\u00e9stamo para coche en nuestro sitio web hoy mismo.<\/p>\n\n\n\n<p><a href=\"https:\/\/credxperts.angularity.de\/es\/solicitud-de-credito\/\">Solicite su cr\u00e9dito ahora.<\/a><\/p>\n\n\n\n<h2 class=\"wp-block-heading\">Pr\u00e9stamo personal Suiza:<br>Das k\u00f6nnte f\u00fcr Sie auch noch<br>hilfreich sein<\/h2>\n\n\n\n<p>Nosotros en credXperts somos intermediarios de cr\u00e9dito independientes en Suiza. Nuestro objetivo es encontrar un cr\u00e9dito personal que se ajuste a su marco de cr\u00e9dito y le ofrezca intereses de cr\u00e9dito favorables. Nuestro principio de \u00e9xito consiste en una asesor\u00eda de cr\u00e9dito integral. Esto nos permite comparar cr\u00e9ditos en toda Suiza y ofrecerle una financiaci\u00f3n atractiva para sus inversiones.<\/p>\n\n\n\n<p>Aus Erfahrung kennen wir die Fragen, Sorgen oder Unsicherheiten unserer Kundinnen und Kunden, sowie alle&nbsp;<a href=\"https:\/\/credxperts.angularity.de\/es\/pedir-un-prestamo\/\">Voraussetzungen, wenn Sie einen Kredit in der Schweiz aufnehmen<\/a>&nbsp;m\u00f6chten. Darum haben wir Ihnen nachfolgend alle relevanten Informationen zum Kreditantrag von Privatkrediten zusammengestellt.<\/p>\n\n\n\n<h2 class=\"wp-block-heading\">Comparaci\u00f3n de cr\u00e9ditos<\/h2>\n\n\n\n<p>\"\u00bfDesea obtener un cr\u00e9dito personal lo m\u00e1s econ\u00f3mico posible en Suiza? Para ello, comparamos todas las ofertas de cr\u00e9dito de los bancos suizos para cr\u00e9ditos personales hasta una suma de cr\u00e9dito de CHF 250'000. Y esto a un inter\u00e9s atractivo desde el 4,4 % y con un plazo de cr\u00e9dito de hasta 120 meses.<\/p>\n\n\n\n<p><a href=\"https:\/\/credxperts.angularity.de\/es\/solicitud-de-credito\/\">Solicite su cr\u00e9dito ahora.<\/a><\/p>\n\n\n\n<h2 class=\"wp-block-heading\"><a href=\"https:\/\/credxperts.angularity.de\/es\/bonitaetsbereinigung\/\">Menos rechazos en la solicitud de cr\u00e9dito (depuraci\u00f3n de solvencia)<\/a><\/h2>\n\n\n\n<p>Si solicita su cr\u00e9dito personal en l\u00ednea, lo revisaremos de inmediato. En este proceso, intentamos optimizar su solvencia (= depuraci\u00f3n de las entradas en ZEK). De esta manera, aumenta su posibilidad de obtener una aprobaci\u00f3n de cr\u00e9dito.<\/p>\n\n\n\n<p><a href=\"https:\/\/credxperts.angularity.de\/es\/bonitaetsbereinigung\/\">Reparaci\u00f3n de la calificaci\u00f3n crediticia<\/a><\/p>\n\n\n\n<h2 class=\"wp-block-heading\"><a href=\"https:\/\/credxperts.angularity.de\/es\/preguntas-frecuentes-respuestas\/\">Preguntas frecuentes y respuestas sobre la solicitud de cr\u00e9dito en Suiza<\/a><\/h2>\n\n\n\n<p>Ya sea la cancelaci\u00f3n de cr\u00e9ditos, ZEK\/CRIF o la deducci\u00f3n fiscal de los intereses del cr\u00e9dito, recopilamos diariamente preguntas sobre cr\u00e9ditos que podr\u00edan interesarle y las respondemos en nuestras preguntas frecuentes sobre cr\u00e9ditos.<\/p>\n\n\n\n<p><a href=\"https:\/\/credxperts.angularity.de\/es\/preguntas-frecuentes-respuestas\/\">Rumbo a las preguntas frecuentes<\/a><\/p>","protected":false},"excerpt":{"rendered":"<p>Autokredit beantragen undvon diesen Vorteilen profitieren Pers\u00f6nliche und umfassende Beratung zum Autokredit Ob Privatkredit, Leasing oder Autofinanzierung \u2013 unsere credXperts beraten Sie in allen Finanzierungsangelegenheiten rund um Ihren Autokauf. Jetzt Autokredit berechnen und beantragen Vergleiche der verschiedenen Finanzierungsvarianten Unsere Kreditexperten vergleichen die Finanzierungsarten verschiedener Kreditanbieter in der Schweiz, um das beste Angebot f\u00fcr Ihren Autokredit <strong><a href=\"https:\/\/credxperts.angularity.de\/es\/autokredit\/\">m\u00e1s...<\/a><\/strong><\/p>","protected":false},"author":3,"featured_media":0,"parent":0,"menu_order":0,"comment_status":"closed","ping_status":"closed","template":"","meta":{"_acf_changed":false,"footnotes":""},"class_list":["post-8140","page","type-page","status-publish","hentry"],"acf":[],"yoast_head":"<!-- This site is optimized with the Yoast SEO plugin v27.0 - https:\/\/yoast.com\/product\/yoast-seo-wordpress\/ -->\n<title>Autokredit Schweiz \u2013 zu g\u00fcnstigsten Zinen danke credXperts<\/title>\n<meta name=\"description\" content=\"Auto finanzieren mit dem besten Zins. Banken vergleichen lassen, kostenlos Antrag stellen &amp; schnelle Auszahlung erhalten.\" \/>\n<meta name=\"robots\" content=\"noindex, follow, max-snippet:-1, max-image-preview:large, max-video-preview:-1\" \/>\n<meta property=\"og:locale\" content=\"es_ES\" \/>\n<meta property=\"og:type\" content=\"article\" \/>\n<meta property=\"og:title\" content=\"Autokredit Schweiz \u2013 zu g\u00fcnstigsten Zinen danke credXperts\" \/>\n<meta property=\"og:description\" content=\"Auto finanzieren mit dem besten Zins. Banken vergleichen lassen, kostenlos Antrag stellen &amp; schnelle Auszahlung erhalten.\" \/>\n<meta property=\"og:url\" content=\"https:\/\/credxperts.angularity.de\/es\/prestamo-coche\/\" \/>\n<meta property=\"og:site_name\" content=\"credXperts AG\" \/>\n<meta property=\"article:modified_time\" content=\"2026-02-20T13:35:58+00:00\" \/>\n<meta name=\"twitter:card\" content=\"summary_large_image\" \/>\n<meta name=\"twitter:label1\" content=\"Tiempo de lectura\" \/>\n\t<meta name=\"twitter:data1\" content=\"7 minutos\" \/>\n<script type=\"application\/ld+json\" class=\"yoast-schema-graph\">{\"@context\":\"https:\/\/schema.org\",\"@graph\":[{\"@type\":\"WebPage\",\"@id\":\"https:\/\/credxperts.angularity.de\/autokredit\/\",\"url\":\"https:\/\/credxperts.angularity.de\/autokredit\/\",\"name\":\"Autokredit Schweiz \u2013 zu g\u00fcnstigsten Zinen danke credXperts\",\"isPartOf\":{\"@id\":\"https:\/\/credxperts.angularity.de\/#website\"},\"datePublished\":\"2020-01-21T16:11:02+00:00\",\"dateModified\":\"2026-02-20T13:35:58+00:00\",\"description\":\"Auto finanzieren mit dem besten Zins. Banken vergleichen lassen, kostenlos Antrag stellen & schnelle Auszahlung erhalten.\",\"breadcrumb\":{\"@id\":\"https:\/\/credxperts.angularity.de\/autokredit\/#breadcrumb\"},\"inLanguage\":\"es\",\"potentialAction\":[{\"@type\":\"ReadAction\",\"target\":[\"https:\/\/credxperts.angularity.de\/autokredit\/\"]}]},{\"@type\":\"BreadcrumbList\",\"@id\":\"https:\/\/credxperts.angularity.de\/autokredit\/#breadcrumb\",\"itemListElement\":[{\"@type\":\"ListItem\",\"position\":1,\"name\":\"Home\",\"item\":\"https:\/\/credxperts.angularity.de\/\"},{\"@type\":\"ListItem\",\"position\":2,\"name\":\"Autokredit\"}]},{\"@type\":\"WebSite\",\"@id\":\"https:\/\/credxperts.angularity.de\/#website\",\"url\":\"https:\/\/credxperts.angularity.de\/\",\"name\":\"credXperts AG\",\"description\":\"vergleichen - optimieren - profitieren\",\"potentialAction\":[{\"@type\":\"SearchAction\",\"target\":{\"@type\":\"EntryPoint\",\"urlTemplate\":\"https:\/\/credxperts.angularity.de\/?s={search_term_string}\"},\"query-input\":{\"@type\":\"PropertyValueSpecification\",\"valueRequired\":true,\"valueName\":\"search_term_string\"}}],\"inLanguage\":\"es\"}]}<\/script>\n<!-- \/ Yoast SEO plugin. -->","yoast_head_json":{"title":"Pr\u00e9stamo coche Suiza - a los tipos m\u00e1s baratos gracias a credXperts","description":"Financia tu coche con el mejor tipo de inter\u00e9s. Compara bancos, solic\u00edtalo gratis y recibe un pago r\u00e1pido.","robots":{"index":"noindex","follow":"follow","max-snippet":"max-snippet:-1","max-image-preview":"max-image-preview:large","max-video-preview":"max-video-preview:-1"},"og_locale":"es_ES","og_type":"article","og_title":"Autokredit Schweiz \u2013 zu g\u00fcnstigsten Zinen danke credXperts","og_description":"Auto finanzieren mit dem besten Zins. Banken vergleichen lassen, kostenlos Antrag stellen & schnelle Auszahlung erhalten.","og_url":"https:\/\/credxperts.angularity.de\/es\/prestamo-coche\/","og_site_name":"credXperts AG","article_modified_time":"2026-02-20T13:35:58+00:00","twitter_card":"summary_large_image","twitter_misc":{"Tiempo de lectura":"7 minutos"},"schema":{"@context":"https:\/\/schema.org","@graph":[{"@type":"WebPage","@id":"https:\/\/credxperts.angularity.de\/autokredit\/","url":"https:\/\/credxperts.angularity.de\/autokredit\/","name":"Pr\u00e9stamo coche Suiza - a los tipos m\u00e1s baratos gracias a credXperts","isPartOf":{"@id":"https:\/\/credxperts.angularity.de\/#website"},"datePublished":"2020-01-21T16:11:02+00:00","dateModified":"2026-02-20T13:35:58+00:00","description":"Financia tu coche con el mejor tipo de inter\u00e9s. Compara bancos, solic\u00edtalo gratis y recibe un pago r\u00e1pido.","breadcrumb":{"@id":"https:\/\/credxperts.angularity.de\/autokredit\/#breadcrumb"},"inLanguage":"es","potentialAction":[{"@type":"ReadAction","target":["https:\/\/credxperts.angularity.de\/autokredit\/"]}]},{"@type":"BreadcrumbList","@id":"https:\/\/credxperts.angularity.de\/autokredit\/#breadcrumb","itemListElement":[{"@type":"ListItem","position":1,"name":"Home","item":"https:\/\/credxperts.angularity.de\/"},{"@type":"ListItem","position":2,"name":"Autokredit"}]},{"@type":"WebSite","@id":"https:\/\/credxperts.angularity.de\/#website","url":"https:\/\/credxperts.angularity.de\/","name":"credXperts AG","description":"comparar - optimizar - aprovechar","potentialAction":[{"@type":"SearchAction","target":{"@type":"EntryPoint","urlTemplate":"https:\/\/credxperts.angularity.de\/?s={search_term_string}"},"query-input":{"@type":"PropertyValueSpecification","valueRequired":true,"valueName":"search_term_string"}}],"inLanguage":"es"}]}},"_links":{"self":[{"href":"https:\/\/credxperts.angularity.de\/es\/wp-json\/wp\/v2\/pages\/8140","targetHints":{"allow":["GET"]}}],"collection":[{"href":"https:\/\/credxperts.angularity.de\/es\/wp-json\/wp\/v2\/pages"}],"about":[{"href":"https:\/\/credxperts.angularity.de\/es\/wp-json\/wp\/v2\/types\/page"}],"author":[{"embeddable":true,"href":"https:\/\/credxperts.angularity.de\/es\/wp-json\/wp\/v2\/users\/3"}],"replies":[{"embeddable":true,"href":"https:\/\/credxperts.angularity.de\/es\/wp-json\/wp\/v2\/comments?post=8140"}],"version-history":[{"count":45,"href":"https:\/\/credxperts.angularity.de\/es\/wp-json\/wp\/v2\/pages\/8140\/revisions"}],"predecessor-version":[{"id":41024,"href":"https:\/\/credxperts.angularity.de\/es\/wp-json\/wp\/v2\/pages\/8140\/revisions\/41024"}],"wp:attachment":[{"href":"https:\/\/credxperts.angularity.de\/es\/wp-json\/wp\/v2\/media?parent=8140"}],"curies":[{"name":"wp","href":"https:\/\/api.w.org\/{rel}","templated":true}]}}